{"id":35,"date":"2022-07-16T20:26:07","date_gmt":"2022-07-16T18:26:07","guid":{"rendered":"http:\/\/mbnp-starachowice.dkonto.pl\/?page_id=35"},"modified":"2022-12-24T12:52:11","modified_gmt":"2022-12-24T11:52:11","slug":"schola-dziecieca","status":"publish","type":"page","link":"http:\/\/mbnp-starachowice.dkonto.pl\/index.php\/schola-dziecieca\/","title":{"rendered":"Schola dzieci\u0119ca"},"content":{"rendered":"\n<p>Pr\u00f3by scholi odbywaj\u0105 si\u0119 w\u00a0<strong>SOBOTY o godz. 11:00<\/strong><br>oraz w\u00a0<strong>NIEDZIELE o godz. 10:30<\/strong><\/p>\n\n\n\n<p><a href=\"http:\/\/parafia.starachowice.pl\/wp-content\/uploads\/2021\/03\/Spiewnik-2021.pdf\">Pobierz \u015apiewnik Scholi 2021<\/a><\/p>\n\n\n\n<figure class=\"wp-block-image\"><img decoding=\"async\" src=\"https:\/\/parafia.starachowice.pl\/wp-content\/uploads\/2022\/06\/960x640xDSC_0427-1024x683.jpg.pagespeed.ic.hOL5bq4xdb.webp\" alt=\"Schola Dzieci\u0119ca - rok 2022\" class=\"wp-image-10491\"\/><\/figure>\n\n\n\n<p><img loading=\"lazy\" decoding=\"async\" src=\"http:\/\/parafia.starachowice.pl\/wp-content\/uploads\/2021\/06\/IMG_5419-1024x768.jpeg\" alt=\"\" width=\"960\" height=\"720\" srcset=\"https:\/\/parafia.starachowice.pl\/wp-content\/uploads\/2021\/06\/IMG_5419-1024x768.jpeg 1024w, https:\/\/parafia.starachowice.pl\/wp-content\/uploads\/2021\/06\/IMG_5419-300x225.jpeg 300w, https:\/\/parafia.starachowice.pl\/wp-content\/uploads\/2021\/06\/IMG_5419-768x576.jpeg 768w, https:\/\/parafia.starachowice.pl\/wp-content\/uploads\/2021\/06\/IMG_5419-1536x1152.jpeg 1536w, https:\/\/parafia.starachowice.pl\/wp-content\/uploads\/2021\/06\/IMG_5419-2048x1536.jpeg 2048w\"><\/p>\n\n\n\n<p id=\"caption-attachment-9869\"><em>Schola \u2013 13 czerwca 2021<\/em><\/p>\n\n\n\n<p><img loading=\"lazy\" decoding=\"async\" src=\"http:\/\/parafia.starachowice.pl\/wp-content\/uploads\/2021\/01\/74EDBA32-52ED-4070-AD37-9985477F889E-scaled.jpeg\" alt=\"\" width=\"2560\" height=\"1920\" srcset=\"https:\/\/parafia.starachowice.pl\/wp-content\/uploads\/2021\/01\/74EDBA32-52ED-4070-AD37-9985477F889E-scaled.jpeg 2560w, https:\/\/parafia.starachowice.pl\/wp-content\/uploads\/2021\/01\/74EDBA32-52ED-4070-AD37-9985477F889E-300x225.jpeg 300w, https:\/\/parafia.starachowice.pl\/wp-content\/uploads\/2021\/01\/74EDBA32-52ED-4070-AD37-9985477F889E-1024x768.jpeg 1024w, https:\/\/parafia.starachowice.pl\/wp-content\/uploads\/2021\/01\/74EDBA32-52ED-4070-AD37-9985477F889E-768x576.jpeg 768w, https:\/\/parafia.starachowice.pl\/wp-content\/uploads\/2021\/01\/74EDBA32-52ED-4070-AD37-9985477F889E-1536x1152.jpeg 1536w, https:\/\/parafia.starachowice.pl\/wp-content\/uploads\/2021\/01\/74EDBA32-52ED-4070-AD37-9985477F889E-2048x1536.jpeg 2048w\"><\/p>\n\n\n\n<p id=\"caption-attachment-9324\"><em><strong>Schola Dzieci\u0119ca \u2013 rok 2021<\/strong><\/em><\/p>\n\n\n\n<p><img loading=\"lazy\" decoding=\"async\" src=\"http:\/\/parafia.starachowice.pl\/wp-content\/uploads\/2016\/08\/dzieciaki-2-1024x680.jpg\" alt=\"dzieciaki\" width=\"960\" height=\"638\" srcset=\"https:\/\/parafia.starachowice.pl\/wp-content\/uploads\/2016\/08\/dzieciaki-2.jpg 1024w, https:\/\/parafia.starachowice.pl\/wp-content\/uploads\/2016\/08\/dzieciaki-2-600x398.jpg 600w, https:\/\/parafia.starachowice.pl\/wp-content\/uploads\/2016\/08\/dzieciaki-2-300x199.jpg 300w, https:\/\/parafia.starachowice.pl\/wp-content\/uploads\/2016\/08\/dzieciaki-2-768x510.jpg 768w, https:\/\/parafia.starachowice.pl\/wp-content\/uploads\/2016\/08\/dzieciaki-2-540x359.jpg 540w, https:\/\/parafia.starachowice.pl\/wp-content\/uploads\/2016\/08\/dzieciaki-2-401x266.jpg 401w, https:\/\/parafia.starachowice.pl\/wp-content\/uploads\/2016\/08\/dzieciaki-2-800x531.jpg 800w, https:\/\/parafia.starachowice.pl\/wp-content\/uploads\/2016\/08\/dzieciaki-2-514x342.jpg 514w\"><\/p>\n\n\n\n<p id=\"caption-attachment-219\"><strong><em>Schola Dzieci\u0119ca \u2013 rok 2015<\/em><\/strong><\/p>\n\n\n\n<p><img loading=\"lazy\" decoding=\"async\" src=\"http:\/\/parafia.starachowice.pl\/wp-content\/uploads\/2019\/03\/IMG_3329-1024x768.jpg\" alt=\"\" width=\"960\" height=\"720\" srcset=\"https:\/\/parafia.starachowice.pl\/wp-content\/uploads\/2019\/03\/IMG_3329-1024x768.jpg 1024w, https:\/\/parafia.starachowice.pl\/wp-content\/uploads\/2019\/03\/IMG_3329-600x450.jpg 600w, https:\/\/parafia.starachowice.pl\/wp-content\/uploads\/2019\/03\/IMG_3329-300x225.jpg 300w, https:\/\/parafia.starachowice.pl\/wp-content\/uploads\/2019\/03\/IMG_3329-768x576.jpg 768w\"><\/p>\n\n\n\n<p id=\"caption-attachment-6161\"><strong><em>Schola Dzieci\u0119ca \u2013 rok 2017<\/em><\/strong><\/p>\n\n\n\n<figure class=\"wp-block-image\"><img decoding=\"async\" src=\"http:\/\/parafia.starachowice.pl\/wp-content\/uploads\/2020\/01\/F1010A93-1C04-4253-8E3F-17D2EE7829A8-1024x768.jpeg\" alt=\"\" class=\"wp-image-7512\"\/><\/figure>\n","protected":false},"excerpt":{"rendered":"<p>Pr\u00f3by scholi odbywaj\u0105 si\u0119 w\u00a0SOBOTY o godz. 11:00oraz w\u00a0NIEDZIELE o godz. 10:30 Pobierz \u015apiewnik Scholi 2021 Schola \u2013 13 czerwca 2021 Schola Dzieci\u0119ca \u2013 rok 2021 Schola Dzieci\u0119ca \u2013 rok 2015 Schola Dzieci\u0119ca \u2013 rok 2017<\/p>\n","protected":false},"author":1,"featured_media":0,"parent":0,"menu_order":0,"comment_status":"closed","ping_status":"closed","template":"","meta":{"_et_pb_use_builder":"","_et_pb_old_content":"","_et_gb_content_width":"","footnotes":""},"class_list":["post-35","page","type-page","status-publish","hentry"],"_links":{"self":[{"href":"http:\/\/mbnp-starachowice.dkonto.pl\/index.php\/wp-json\/wp\/v2\/pages\/35","targetHints":{"allow":["GET"]}}],"collection":[{"href":"http:\/\/mbnp-starachowice.dkonto.pl\/index.php\/wp-json\/wp\/v2\/pages"}],"about":[{"href":"http:\/\/mbnp-starachowice.dkonto.pl\/index.php\/wp-json\/wp\/v2\/types\/page"}],"author":[{"embeddable":true,"href":"http:\/\/mbnp-starachowice.dkonto.pl\/index.php\/wp-json\/wp\/v2\/users\/1"}],"replies":[{"embeddable":true,"href":"http:\/\/mbnp-starachowice.dkonto.pl\/index.php\/wp-json\/wp\/v2\/comments?post=35"}],"version-history":[{"count":2,"href":"http:\/\/mbnp-starachowice.dkonto.pl\/index.php\/wp-json\/wp\/v2\/pages\/35\/revisions"}],"predecessor-version":[{"id":170,"href":"http:\/\/mbnp-starachowice.dkonto.pl\/index.php\/wp-json\/wp\/v2\/pages\/35\/revisions\/170"}],"wp:attachment":[{"href":"http:\/\/mbnp-starachowice.dkonto.pl\/index.php\/wp-json\/wp\/v2\/media?parent=35"}],"curies":[{"name":"wp","href":"https:\/\/api.w.org\/{rel}","templated":true}]}}