{"id":33,"date":"2022-07-16T20:26:07","date_gmt":"2022-07-16T18:26:07","guid":{"rendered":"http:\/\/mbnp-starachowice.dkonto.pl\/?page_id=33"},"modified":"2022-10-22T22:07:45","modified_gmt":"2022-10-22T20:07:45","slug":"nabozenstwa","status":"publish","type":"page","link":"http:\/\/mbnp-starachowice.dkonto.pl\/index.php\/nabozenstwa\/","title":{"rendered":"Nabo\u017ce\u0144stwa"},"content":{"rendered":"\n<p>\u015aRODA 18:00<br>Nowenna do Matki Bo\u017cej Nieustaj\u0105cej Pomocy<\/p>\n\n\n\n<p>I CZWARTEK MIESI\u0104CA<br>18:00 Msza za kap\u0142an\u00f3w<br>19:00 \u2013 20:00 Adoracja<\/p>\n\n\n\n<p>I PI\u0104TEK MIESI\u0104CA<br>18:00 \u2013 Msza \u015aw. i litania do Naj\u015bwi\u0119tszego Serca Jezusa<\/p>\n\n\n\n<p>I SOBOTA MIESI\u0104CA<br>7:00 Msza \u015aw. wynagradzaj\u0105ca<br>NS NMP, rozmy\u015blanie i r\u00f3\u017caniec<\/p>\n\n\n\n<p>19 DZIE\u0143 MIESI\u0104CA<br>19:00 M\u0119ski R\u00f3\u017caniec<\/p>\n\n\n\n<p>13 DZIE\u0143 MIESI\u0104CA (V-X)<br>19:00 Nabo\u017ce\u0144stwo Fatimskie<\/p>\n\n\n\n<p>22 DZIE\u0143 MIESI\u0104CA<br>18:00 Koronka do Mi\u0142osierdzia<\/p>\n\n\n\n<p>28 DZIE\u0143 MIESI\u0104CA<br>18:00 Nowenna do \u015bw. Szarbela<\/p>\n\n\n\n<p>MAJ codziennie 17:30<br>Nabo\u017ce\u0144stwo do Matki Bo\u017cej<\/p>\n\n\n\n<p>CZERWIEC codziennie 17:30<br>Nabo\u017ce\u0144stwo do Serca Jezusowego<\/p>\n\n\n\n<p>PA\u0179DZIERNIK codziennie 17:30<br>Nabo\u017ce\u0144stwo R\u00f3\u017ca\u0144cowe<\/p>\n\n\n\n<p>PI\u0104TEK WIELKIEGO POSTU<br>17:30 Droga Krzy\u017cowa<\/p>\n\n\n\n<p>NIEDZIELA WIELKIEGO POSTU<br>17:00 Gorzkie \u017bale<\/p>\n","protected":false},"excerpt":{"rendered":"<p>\u015aRODA 18:00Nowenna do Matki Bo\u017cej Nieustaj\u0105cej Pomocy I CZWARTEK MIESI\u0104CA18:00 Msza za kap\u0142an\u00f3w19:00 \u2013 20:00 Adoracja I PI\u0104TEK MIESI\u0104CA18:00 \u2013 Msza \u015aw. i litania do Naj\u015bwi\u0119tszego Serca Jezusa I SOBOTA MIESI\u0104CA7:00 Msza \u015aw. wynagradzaj\u0105caNS NMP, rozmy\u015blanie i r\u00f3\u017caniec 19 DZIE\u0143 MIESI\u0104CA19:00 M\u0119ski R\u00f3\u017caniec 13 DZIE\u0143 MIESI\u0104CA (V-X)19:00 Nabo\u017ce\u0144stwo Fatimskie 22 DZIE\u0143 MIESI\u0104CA18:00 Koronka do Mi\u0142osierdzia [&hellip;]<\/p>\n","protected":false},"author":1,"featured_media":0,"parent":0,"menu_order":0,"comment_status":"closed","ping_status":"closed","template":"","meta":{"_et_pb_use_builder":"","_et_pb_old_content":"","_et_gb_content_width":"","footnotes":""},"class_list":["post-33","page","type-page","status-publish","hentry"],"_links":{"self":[{"href":"http:\/\/mbnp-starachowice.dkonto.pl\/index.php\/wp-json\/wp\/v2\/pages\/33","targetHints":{"allow":["GET"]}}],"collection":[{"href":"http:\/\/mbnp-starachowice.dkonto.pl\/index.php\/wp-json\/wp\/v2\/pages"}],"about":[{"href":"http:\/\/mbnp-starachowice.dkonto.pl\/index.php\/wp-json\/wp\/v2\/types\/page"}],"author":[{"embeddable":true,"href":"http:\/\/mbnp-starachowice.dkonto.pl\/index.php\/wp-json\/wp\/v2\/users\/1"}],"replies":[{"embeddable":true,"href":"http:\/\/mbnp-starachowice.dkonto.pl\/index.php\/wp-json\/wp\/v2\/comments?post=33"}],"version-history":[{"count":2,"href":"http:\/\/mbnp-starachowice.dkonto.pl\/index.php\/wp-json\/wp\/v2\/pages\/33\/revisions"}],"predecessor-version":[{"id":144,"href":"http:\/\/mbnp-starachowice.dkonto.pl\/index.php\/wp-json\/wp\/v2\/pages\/33\/revisions\/144"}],"wp:attachment":[{"href":"http:\/\/mbnp-starachowice.dkonto.pl\/index.php\/wp-json\/wp\/v2\/media?parent=33"}],"curies":[{"name":"wp","href":"https:\/\/api.w.org\/{rel}","templated":true}]}}