{"id":32,"date":"2022-07-16T20:26:07","date_gmt":"2022-07-16T18:26:07","guid":{"rendered":"http:\/\/mbnp-starachowice.dkonto.pl\/?page_id=32"},"modified":"2022-12-24T09:32:32","modified_gmt":"2022-12-24T08:32:32","slug":"msze-swiete","status":"publish","type":"page","link":"http:\/\/mbnp-starachowice.dkonto.pl\/index.php\/msze-swiete\/","title":{"rendered":"Msze \u015awi\u0119te"},"content":{"rendered":"\n<p>NIEDZIELA<br>8:00 \u2013 Msza \u015bw.<br>10:00 \u2013 Msza \u015bw. Suma<br>11:15 \u2013 Msza \u015bw. dla dzieci<br>12:30 \u2013 Msza \u015bw. dla m\u0142odzie\u017cy<br>18:00 \u2013 Msza \u015bw. (poza VII\/VIII)<br>20:00 \u2013 Msza \u015bw. (tylko VII\/VIII)<\/p>\n\n\n\n<p><br>DZIE\u0143 POWSZEDNI<br>7:00<br>17:00 (poza wakacjami i kol\u0119d\u0105)<br>18.00<\/p>\n","protected":false},"excerpt":{"rendered":"<p>NIEDZIELA8:00 \u2013 Msza \u015bw.10:00 \u2013 Msza \u015bw. Suma11:15 \u2013 Msza \u015bw. dla dzieci12:30 \u2013 Msza \u015bw. dla m\u0142odzie\u017cy18:00 \u2013 Msza \u015bw. (poza VII\/VIII)20:00 \u2013 Msza \u015bw. (tylko VII\/VIII) DZIE\u0143 POWSZEDNI7:0017:00 (poza wakacjami i kol\u0119d\u0105)18.00<\/p>\n","protected":false},"author":1,"featured_media":0,"parent":0,"menu_order":0,"comment_status":"closed","ping_status":"closed","template":"","meta":{"_et_pb_use_builder":"","_et_pb_old_content":"","_et_gb_content_width":"","footnotes":""},"class_list":["post-32","page","type-page","status-publish","hentry"],"_links":{"self":[{"href":"http:\/\/mbnp-starachowice.dkonto.pl\/index.php\/wp-json\/wp\/v2\/pages\/32","targetHints":{"allow":["GET"]}}],"collection":[{"href":"http:\/\/mbnp-starachowice.dkonto.pl\/index.php\/wp-json\/wp\/v2\/pages"}],"about":[{"href":"http:\/\/mbnp-starachowice.dkonto.pl\/index.php\/wp-json\/wp\/v2\/types\/page"}],"author":[{"embeddable":true,"href":"http:\/\/mbnp-starachowice.dkonto.pl\/index.php\/wp-json\/wp\/v2\/users\/1"}],"replies":[{"embeddable":true,"href":"http:\/\/mbnp-starachowice.dkonto.pl\/index.php\/wp-json\/wp\/v2\/comments?post=32"}],"version-history":[{"count":2,"href":"http:\/\/mbnp-starachowice.dkonto.pl\/index.php\/wp-json\/wp\/v2\/pages\/32\/revisions"}],"predecessor-version":[{"id":148,"href":"http:\/\/mbnp-starachowice.dkonto.pl\/index.php\/wp-json\/wp\/v2\/pages\/32\/revisions\/148"}],"wp:attachment":[{"href":"http:\/\/mbnp-starachowice.dkonto.pl\/index.php\/wp-json\/wp\/v2\/media?parent=32"}],"curies":[{"name":"wp","href":"https:\/\/api.w.org\/{rel}","templated":true}]}}