{"id":233,"date":"2022-12-25T14:14:14","date_gmt":"2022-12-25T13:14:14","guid":{"rendered":"https:\/\/mbnp-starachowice.dkonto.pl\/?page_id=233"},"modified":"2022-12-25T14:14:17","modified_gmt":"2022-12-25T13:14:17","slug":"lektorzy","status":"publish","type":"page","link":"http:\/\/mbnp-starachowice.dkonto.pl\/index.php\/lektorzy\/","title":{"rendered":"Lektorzy"},"content":{"rendered":"\n<p>Lektorzy pos\u0142uguj\u0105cy w ramach Diakonii Liturgicznej naszej parafii:<\/p>\n\n\n\n<p>Anna Babicka<br>Jaros\u0142aw Babicki<br>Sylwia Babicka<br>Piotr Babicki<br>Ma\u0142gorzata Bachurska<br>\u0141ukasz Hamera<br>Renata Hamera<br>Zuzanna K\u0119dziora<br>El\u017cbieta Kisi\u0144ska<br>Renata Krysiak<br>Krystyna Kwiecie\u0144<br>Pawe\u0142 Kwiecie\u0144<br>Rados\u0142aw Malinowski<br>Beata Mr\u00f3z<br>Ryszard Nosowicz<br>Wojciech Pociecha<br>Anna Sionek<br>Olga Szyma\u0144ska<br>Anna \u015aniegucka<br>Ma\u0142gorzata Tomczy\u0144ska<br>Maria \u017bylska-Niedopytalska<\/p>\n","protected":false},"excerpt":{"rendered":"<p>Lektorzy pos\u0142uguj\u0105cy w ramach Diakonii Liturgicznej naszej parafii: Anna BabickaJaros\u0142aw BabickiSylwia BabickaPiotr BabickiMa\u0142gorzata Bachurska\u0141ukasz HameraRenata HameraZuzanna K\u0119dzioraEl\u017cbieta Kisi\u0144skaRenata KrysiakKrystyna Kwiecie\u0144Pawe\u0142 Kwiecie\u0144Rados\u0142aw MalinowskiBeata Mr\u00f3zRyszard NosowiczWojciech PociechaAnna SionekOlga Szyma\u0144skaAnna \u015anieguckaMa\u0142gorzata Tomczy\u0144skaMaria \u017bylska-Niedopytalska<\/p>\n","protected":false},"author":1,"featured_media":0,"parent":0,"menu_order":0,"comment_status":"closed","ping_status":"closed","template":"","meta":{"_et_pb_use_builder":"off","_et_pb_old_content":"","_et_gb_content_width":"","footnotes":""},"class_list":["post-233","page","type-page","status-publish","hentry"],"_links":{"self":[{"href":"http:\/\/mbnp-starachowice.dkonto.pl\/index.php\/wp-json\/wp\/v2\/pages\/233","targetHints":{"allow":["GET"]}}],"collection":[{"href":"http:\/\/mbnp-starachowice.dkonto.pl\/index.php\/wp-json\/wp\/v2\/pages"}],"about":[{"href":"http:\/\/mbnp-starachowice.dkonto.pl\/index.php\/wp-json\/wp\/v2\/types\/page"}],"author":[{"embeddable":true,"href":"http:\/\/mbnp-starachowice.dkonto.pl\/index.php\/wp-json\/wp\/v2\/users\/1"}],"replies":[{"embeddable":true,"href":"http:\/\/mbnp-starachowice.dkonto.pl\/index.php\/wp-json\/wp\/v2\/comments?post=233"}],"version-history":[{"count":1,"href":"http:\/\/mbnp-starachowice.dkonto.pl\/index.php\/wp-json\/wp\/v2\/pages\/233\/revisions"}],"predecessor-version":[{"id":234,"href":"http:\/\/mbnp-starachowice.dkonto.pl\/index.php\/wp-json\/wp\/v2\/pages\/233\/revisions\/234"}],"wp:attachment":[{"href":"http:\/\/mbnp-starachowice.dkonto.pl\/index.php\/wp-json\/wp\/v2\/media?parent=233"}],"curies":[{"name":"wp","href":"https:\/\/api.w.org\/{rel}","templated":true}]}}