{"id":230,"date":"2022-12-25T14:12:12","date_gmt":"2022-12-25T13:12:12","guid":{"rendered":"https:\/\/mbnp-starachowice.dkonto.pl\/?page_id=230"},"modified":"2022-12-25T14:12:14","modified_gmt":"2022-12-25T13:12:14","slug":"grafik-dyzurow","status":"publish","type":"page","link":"http:\/\/mbnp-starachowice.dkonto.pl\/index.php\/grafik-dyzurow\/","title":{"rendered":"Grafik dy\u017cur\u00f3w"},"content":{"rendered":"\n<figure class=\"wp-block-table\"><table><tbody><tr><td><strong>GRAFIK CZYTA\u0143 na Mszy \u015awi\u0119tej o godzinie 10:00 &#8211; <\/strong><strong>wrzesie\u0144 2022 \u2013 stycze\u0144 2023<\/strong><\/td><\/tr><tr><td><strong>&nbsp; Data<\/strong><\/td><td><strong>Komentarz<\/strong><strong>i modlitwa wiernych<\/strong><\/td><td><strong>I czytanie<\/strong><\/td><td><strong>II czytanie<\/strong><\/td><\/tr><tr><td><strong>11 wrze\u015bnia<\/strong><\/td><td><strong>Pawe\u0142 Kwiecie\u0144<\/strong><\/td><td><strong>Beata Mr\u00f3z<\/strong><\/td><td><strong>Anna Sionek<\/strong><\/td><\/tr><tr><td><strong>&nbsp;18 wrze\u015bnia<\/strong><\/td><td><strong>Olga Szyma\u0144ska<\/strong><\/td><td><strong>Maria \u017bylska-Niedopytalska<\/strong><\/td><td><strong>Sylwia Babicka<\/strong><\/td><\/tr><tr><td><strong>25 wrze\u015bnia<\/strong><\/td><td><strong>Piotr Babicki<\/strong><\/td><td><strong>Renata Hamera<\/strong><\/td><td><strong>Zuzanna K\u0119dziora<\/strong><\/td><\/tr><tr><td><strong>2 pa\u017adziernika<\/strong><\/td><td><strong>Renata Krysiak<\/strong><\/td><td><strong>Krystyna Kwiecie\u0144<\/strong><\/td><td><strong>Ryszard Nosowicz<\/strong><\/td><\/tr><tr><td><strong>9 pa\u017adziernika<\/strong><\/td><td><strong>Sebastian Piwowarczyk<\/strong><\/td><td><strong>Anna \u015aniegucka<\/strong><\/td><td><strong>Ma\u0142gorzata Tomczy\u0144ska<\/strong><\/td><\/tr><tr><td><strong>16 pa\u017adziernika<\/strong><\/td><td><strong>Anna Babicka<\/strong><\/td><td><strong>Jaros\u0142aw Babicki<\/strong><\/td><td><strong>Ma\u0142gorzata Bachurska<\/strong><\/td><\/tr><tr><td><strong>23 pa\u017adziernika<\/strong><\/td><td><strong>\u0141ukasz Hamera<\/strong><\/td><td><strong>El\u017cbieta Kisi\u0144ska<\/strong><\/td><td><strong>Patrycja Ko\u0142tunik<\/strong><\/td><\/tr><tr><td><strong>30 pa\u017adziernika<\/strong><\/td><td><strong>Beata Mr\u00f3z<\/strong><\/td><td><strong>Anna Sionek<\/strong><\/td><td><strong>Pawe\u0142 Kwiecie\u0144<\/strong><\/td><\/tr><tr><td><strong>1 listopada<\/strong><\/td><td><strong>Maria \u017bylska-Niedopytalska<\/strong><\/td><td><strong>Sylwia Babicka<\/strong><\/td><td><strong>Olga Szyma\u0144ska<\/strong><\/td><\/tr><tr><td><strong>6 listopada<\/strong><\/td><td><strong>Renata Hamera<\/strong><\/td><td><strong>Zuzanna K\u0119dziora<\/strong><\/td><td><strong>Piotr Babicki<\/strong><\/td><\/tr><tr><td><strong>13 listopada<\/strong><\/td><td><strong>Krystyna Kwiecie\u0144<\/strong><\/td><td><strong>Ryszard Nosowicz<\/strong><\/td><td><strong>Renata Krysiak<\/strong><\/td><\/tr><tr><td><strong>20 listopada<\/strong><\/td><td><strong>Anna \u015aniegucka<\/strong><\/td><td><strong>Ma\u0142gorzata Tomczy\u0144ska<\/strong><\/td><td><strong>Sebastian Piwowarczyk<\/strong><\/td><\/tr><tr><td><strong>27 listopada<\/strong><\/td><td><strong>Jaros\u0142aw Babicki<\/strong><\/td><td><strong>Ma\u0142gorzata Bachurska<\/strong><\/td><td><strong>Anna Babicka<\/strong><\/td><\/tr><tr><td><strong>4 grudnia<\/strong><\/td><td><strong>El\u017cbieta Kisi\u0144ska<\/strong><\/td><td><strong>Patrycja Ko\u0142tunik<\/strong><\/td><td><strong>\u0141ukasz Hamera<\/strong><\/td><\/tr><tr><td><strong>11 grudnia<\/strong><\/td><td><strong>Anna Sionek<\/strong><\/td><td><strong>Pawe\u0142 Kwiecie\u0144<\/strong><\/td><td><strong>Beata Mr\u00f3z<\/strong><\/td><\/tr><tr><td><strong>18 grudnia<\/strong><\/td><td><strong>Sylwia Babicka<\/strong><\/td><td><strong>Olga Szyma\u0144ska<\/strong><\/td><td><strong>Maria \u017bylska-Niedopytalska<\/strong><\/td><\/tr><tr><td><strong>25 grudnia<\/strong><\/td><td><strong>Zuzanna K\u0119dziora<\/strong><\/td><td><strong>Piotr Babicki<\/strong><\/td><td><strong>Renata Hamera<\/strong><\/td><\/tr><tr><td><strong>26 grudnia<\/strong><\/td><td><strong>Ryszard Nosowicz<\/strong><\/td><td><strong>Renata Krysiak<\/strong><\/td><td><strong>\u2014\u2014\u2014\u2014-<\/strong><\/td><\/tr><tr><td><strong>1 stycznia<\/strong><\/td><td><strong>Krystyna Kwiecie\u0144<\/strong><\/td><td><strong>Sebastian Piwowarczyk<\/strong><\/td><td><strong>Anna \u015aniegucka<\/strong><\/td><\/tr><tr><td><strong>6 stycznia<\/strong><\/td><td><strong>Ma\u0142gorzata Tomczy\u0144ska<\/strong><\/td><td><strong>Anna Babicka<\/strong><\/td><td><strong>\u2014\u2014\u2014\u2014-<\/strong><\/td><\/tr><tr><td><strong>8 stycznia<\/strong><\/td><td><strong>Ma\u0142gorzata Bachurska<\/strong><\/td><td><strong>Jaros\u0142aw Babicki<\/strong><\/td><td><strong>El\u017cbieta Kisi\u0144ska<\/strong><\/td><\/tr><tr><td><strong>15 stycznia<\/strong><\/td><td><strong>Patrycja Ko\u0142tunik<\/strong><\/td><td><strong>\u0141ukasz Hamera<\/strong><\/td><td><strong>Pawe\u0142 Kwiecie\u0144<\/strong><\/td><\/tr><tr><td><strong>22 stycznia<\/strong><\/td><td><strong>Beata Mr\u00f3z<\/strong><\/td><td><strong>Anna Sionek<\/strong><\/td><td><strong>Sylwia Babicka<\/strong><\/td><\/tr><tr><td><strong>29 stycznia<\/strong><\/td><td><strong>Olga Szyma\u0144ska<\/strong><\/td><td><strong>Renata Hamera<\/strong><\/td><td><strong>Zuzanna K\u0119dziora<\/strong><\/td><\/tr><\/tbody><\/table><\/figure>\n","protected":false},"excerpt":{"rendered":"<p>GRAFIK CZYTA\u0143 na Mszy \u015awi\u0119tej o godzinie 10:00 &#8211; wrzesie\u0144 2022 \u2013 stycze\u0144 2023 &nbsp; Data Komentarzi modlitwa wiernych I czytanie II czytanie 11 wrze\u015bnia Pawe\u0142 Kwiecie\u0144 Beata Mr\u00f3z Anna Sionek &nbsp;18 wrze\u015bnia Olga Szyma\u0144ska Maria \u017bylska-Niedopytalska Sylwia Babicka 25 wrze\u015bnia Piotr Babicki Renata Hamera Zuzanna K\u0119dziora 2 pa\u017adziernika Renata Krysiak Krystyna Kwiecie\u0144 Ryszard Nosowicz [&hellip;]<\/p>\n","protected":false},"author":1,"featured_media":0,"parent":0,"menu_order":0,"comment_status":"closed","ping_status":"closed","template":"","meta":{"_et_pb_use_builder":"off","_et_pb_old_content":"","_et_gb_content_width":"","footnotes":""},"class_list":["post-230","page","type-page","status-publish","hentry"],"_links":{"self":[{"href":"http:\/\/mbnp-starachowice.dkonto.pl\/index.php\/wp-json\/wp\/v2\/pages\/230","targetHints":{"allow":["GET"]}}],"collection":[{"href":"http:\/\/mbnp-starachowice.dkonto.pl\/index.php\/wp-json\/wp\/v2\/pages"}],"about":[{"href":"http:\/\/mbnp-starachowice.dkonto.pl\/index.php\/wp-json\/wp\/v2\/types\/page"}],"author":[{"embeddable":true,"href":"http:\/\/mbnp-starachowice.dkonto.pl\/index.php\/wp-json\/wp\/v2\/users\/1"}],"replies":[{"embeddable":true,"href":"http:\/\/mbnp-starachowice.dkonto.pl\/index.php\/wp-json\/wp\/v2\/comments?post=230"}],"version-history":[{"count":1,"href":"http:\/\/mbnp-starachowice.dkonto.pl\/index.php\/wp-json\/wp\/v2\/pages\/230\/revisions"}],"predecessor-version":[{"id":231,"href":"http:\/\/mbnp-starachowice.dkonto.pl\/index.php\/wp-json\/wp\/v2\/pages\/230\/revisions\/231"}],"wp:attachment":[{"href":"http:\/\/mbnp-starachowice.dkonto.pl\/index.php\/wp-json\/wp\/v2\/media?parent=230"}],"curies":[{"name":"wp","href":"https:\/\/api.w.org\/{rel}","templated":true}]}}