{"id":217,"date":"2022-12-25T13:36:02","date_gmt":"2022-12-25T12:36:02","guid":{"rendered":"https:\/\/mbnp-starachowice.dkonto.pl\/?page_id=217"},"modified":"2022-12-25T13:36:04","modified_gmt":"2022-12-25T12:36:04","slug":"pogrzeb","status":"publish","type":"page","link":"http:\/\/mbnp-starachowice.dkonto.pl\/index.php\/pogrzeb\/","title":{"rendered":"Pogrzeb"},"content":{"rendered":"\n<h4 class=\"wp-block-heading\">Dokumenty potrzebne przy za\u0142atwianiu formalno\u015bci pogrzebu:<\/h4>\n\n\n\n<p>\u2013 akt zgonu;<br>\u2013 za\u015bwiadczenie o udzieleniu sakramentu chorych i wiatyku (Komunii \u015awi\u0119tej);<br>\u2013 je\u015bli zgon nast\u0105pi\u0142 poza parafi\u0105 lub w szpitalu (wystawia je kapelan szpitala);<br>\u2013 je\u017celi zmar\u0142y nie nale\u017ca\u0142 do parafii wymagana jest zgoda ks. proboszcza.<\/p>\n\n\n\n<p>W celu ustalenia terminu oraz godziny Mszy \u015bw. i pogrzebu nale\u017cy skontaktowa\u0107 si\u0119 z Kancelari\u0105 Parafialn\u0105 osobi\u015bcie, a je\u015bli to nie mo\u017cliwe to telefonicznie 41 273 2911.<\/p>\n\n\n\n<p>Aby unikn\u0105\u0107 problem\u00f3w z ustaleniem godziny mszy \u015bw. pogrzebowej prosimy&nbsp;najpierw zg\u0142osi\u0107 si\u0119 i ustali\u0107 godz. mszy \u015bw. w Parafii, a potem w Zak\u0142adzie Pogrzebowym.<\/p>\n","protected":false},"excerpt":{"rendered":"<p>Dokumenty potrzebne przy za\u0142atwianiu formalno\u015bci pogrzebu: \u2013 akt zgonu;\u2013 za\u015bwiadczenie o udzieleniu sakramentu chorych i wiatyku (Komunii \u015awi\u0119tej);\u2013 je\u015bli zgon nast\u0105pi\u0142 poza parafi\u0105 lub w szpitalu (wystawia je kapelan szpitala);\u2013 je\u017celi zmar\u0142y nie nale\u017ca\u0142 do parafii wymagana jest zgoda ks. proboszcza. W celu ustalenia terminu oraz godziny Mszy \u015bw. i pogrzebu nale\u017cy skontaktowa\u0107 si\u0119 z [&hellip;]<\/p>\n","protected":false},"author":1,"featured_media":0,"parent":0,"menu_order":0,"comment_status":"closed","ping_status":"closed","template":"","meta":{"_et_pb_use_builder":"off","_et_pb_old_content":"","_et_gb_content_width":"","footnotes":""},"class_list":["post-217","page","type-page","status-publish","hentry"],"_links":{"self":[{"href":"http:\/\/mbnp-starachowice.dkonto.pl\/index.php\/wp-json\/wp\/v2\/pages\/217","targetHints":{"allow":["GET"]}}],"collection":[{"href":"http:\/\/mbnp-starachowice.dkonto.pl\/index.php\/wp-json\/wp\/v2\/pages"}],"about":[{"href":"http:\/\/mbnp-starachowice.dkonto.pl\/index.php\/wp-json\/wp\/v2\/types\/page"}],"author":[{"embeddable":true,"href":"http:\/\/mbnp-starachowice.dkonto.pl\/index.php\/wp-json\/wp\/v2\/users\/1"}],"replies":[{"embeddable":true,"href":"http:\/\/mbnp-starachowice.dkonto.pl\/index.php\/wp-json\/wp\/v2\/comments?post=217"}],"version-history":[{"count":1,"href":"http:\/\/mbnp-starachowice.dkonto.pl\/index.php\/wp-json\/wp\/v2\/pages\/217\/revisions"}],"predecessor-version":[{"id":218,"href":"http:\/\/mbnp-starachowice.dkonto.pl\/index.php\/wp-json\/wp\/v2\/pages\/217\/revisions\/218"}],"wp:attachment":[{"href":"http:\/\/mbnp-starachowice.dkonto.pl\/index.php\/wp-json\/wp\/v2\/media?parent=217"}],"curies":[{"name":"wp","href":"https:\/\/api.w.org\/{rel}","templated":true}]}}