{"id":215,"date":"2022-12-25T13:35:05","date_gmt":"2022-12-25T12:35:05","guid":{"rendered":"https:\/\/mbnp-starachowice.dkonto.pl\/?page_id=215"},"modified":"2022-12-25T13:35:06","modified_gmt":"2022-12-25T12:35:06","slug":"namaszczenie-chorych","status":"publish","type":"page","link":"http:\/\/mbnp-starachowice.dkonto.pl\/index.php\/namaszczenie-chorych\/","title":{"rendered":"Namaszczenie chorych"},"content":{"rendered":"\n<p>Ludzie nieraz pytaj\u0105:&nbsp;<strong>Kiedy wezwa\u0107 ksi\u0119dza do chorego z \u201eostatnim namaszczeniem\u201d?&nbsp;<\/strong><\/p>\n\n\n\n<p>Niekiedy decyduj\u0105 si\u0119 na to, kiedy nie ma ju\u017c kontaktu z&nbsp;chorym i&nbsp;kap\u0142an faktycznie przychodzi za p\u00f3\u017ano. A&nbsp;przecie\u017c wcale nie musi tak by\u0107<\/p>\n\n\n\n<p>Dlaczego nie wezwali\u015bcie mnie wcze\u015bniej? Niejeden kap\u0142an zadaje takie w\u0142a\u015bnie pytanie rodzinie ju\u017c zmar\u0142ego chorego. \u2013 No, bo to przecie\u017c ma by\u0107 ostatnie namaszczenie. Takie na \u015bmier\u0107, wi\u0119c czekali\u015bmy do ostatniej chwili \u2013 odpowiadaj\u0105 najcz\u0119\u015bciej. Nic bardziej mylnego.&nbsp;<\/p>\n\n\n\n<p><strong>Sakrament namaszczenia chorych<br>jest sakramentem \u017cywych.<\/strong><\/p>\n\n\n\n<p>Ko\u015bci\u00f3\u0142 naucza, \u017ce jest to sakrament umocnienia i&nbsp;uzdrowienia. Jest on potrzebny nie tylko chorym, ale r\u00f3wnie\u017c ich bliskim we wsp\u00f3lnym prze\u017cywaniu prawdy, \u017ce cz\u0142owiek powo\u0142any jest do wsp\u00f3lnoty z&nbsp;Bogiem w&nbsp;wieczno\u015bci.<\/p>\n\n\n\n<p><strong>Mo\u017cna go tak\u017ce udziela\u0107 chorym dzieciom.<br>Mo\u017cna go te\u017c powtarza\u0107.&nbsp;<\/strong><\/p>\n\n\n\n<p>Nowy ryt udzielania namaszczenia przewiduje r\u00f3wnie\u017c przeprowadzenie katechez, kt\u00f3re przygotuj\u0105 rodziny i&nbsp;w&nbsp;swoisty spos\u00f3b wychowaj\u0105 wiernych, by sakrament ten nie by\u0142 odk\u0142adany. Ponadto podkre\u015bla si\u0119 jego wsp\u00f3lnotowy charakter. Na czym on polega? Ot\u00f3\u017c bardzo wa\u017cne jest, by chory znalaz\u0142 wsparcie w&nbsp;swoich bliskich, kt\u00f3rzy jak najliczniej maj\u0105 w&nbsp;nim uczestniczy\u0107. Wa\u017cne, by wspierali oni chorego nie tylko przez sam\u0105 obecno\u015b\u0107, ale r\u00f3wnie\u017c przez modlitw\u0119 i&nbsp;Komuni\u0119 \u015bw. Mo\u017cna powiedzie\u0107, \u017ce to w\u0142a\u015bnie rodzina i&nbsp;najbli\u017csi s\u0105 odpowiedzialni przed Panem Bogiem za pomoc chorym w&nbsp;przyj\u0119ciu namaszczenia. Wsp\u00f3lnotowy charakter sakramentu namaszczenia chorych najlepiej wida\u0107 w&nbsp;po\u0142\u0105czeniu go z&nbsp;Msz\u0105&nbsp;\u015bw. z&nbsp;licznym udzia\u0142em wiernych, co bardzo cz\u0119sto si\u0119 dzieje np. podczas parafialnych rekolekcji.&nbsp;<\/p>\n\n\n\n<p>Sytuacja cz\u0142owieka chorego jest szczeg\u00f3lna. Choroba jest niejako wpisana w&nbsp;\u017cycie i&nbsp;stanowi jego nieod\u0142\u0105czn\u0105 cz\u0119\u015b\u0107. Stanowi te\u017c wyzwanie dla wiary cz\u0142owieka ni\u0105 dotkni\u0119tego. Dlatego te\u017c sakrament namaszczenia jest jej wyj\u0105tkowym wyrazem.<\/p>\n\n\n\n<p>Najcz\u0119\u015bciej jako biblijny fundament namaszczenia chorych wskazuje si\u0119 nowotestamentowy tekst: \u201eChoruje kto\u015b w\u015br\u00f3d was? Niech sprowadzi kap\u0142an\u00f3w Ko\u015bcio\u0142a, by si\u0119 modlili nad nim i&nbsp;nama\u015bcili go olejem w&nbsp;imi\u0119 Pana. A&nbsp;modlitwa pe\u0142na wiary b\u0119dzie dla chorego ratunkiem i&nbsp;Pan go pod\u017awignie, a&nbsp;je\u015bliby pope\u0142ni\u0142 grzechy, b\u0119d\u0105 mu odpuszczone\u201d (Jk 5, 14-15). Kap\u0142ani modl\u0105 si\u0119 zatem nad chorymi i&nbsp;namaszczaj\u0105 ich olejem w&nbsp;imi\u0119 Jezusa Chrystusa.&nbsp;<\/p>\n\n\n\n<p>Staro\u017cytni \u0142\u0105czyli zazwyczaj uleczenie z&nbsp;namaszczeniem (por. np. Mk 6, 13). Obecnie sakrament namaszczenia chorych \u0142\u0105czy cz\u0142owieka z&nbsp;Chrystusem Panem, umacnia go, sprawiaj\u0105c, \u017ce chory ma do\u015b\u0107 odwagi w&nbsp;wierze, by pogodzi\u0107 si\u0119 z&nbsp;zaistnia\u0142\u0105 sytuacj\u0105, kt\u00f3ra przecie\u017c mo\u017ce nawet sko\u0144czy\u0107 si\u0119 \u015bmierci\u0105. Dlatego te\u017c choremu w&nbsp;niebezpiecze\u0144stwie \u015bmierci udziela si\u0119 tzw. wiatyku.&nbsp;<br>Warto w&nbsp;tym miejscu jeszcze raz przypomnie\u0107, \u017ce&nbsp;<\/p>\n\n\n\n<p><strong>sakrament chorych jest przeznaczony<br>dla ludzi przytomnych<\/strong>.&nbsp;<\/p>\n\n\n\n<p>St\u0105d te\u017c kap\u0142ana wzywamy, kiedy chory jest przytomny, pragnie si\u0119 wyspowiada\u0107, przyj\u0105\u0107 Komuni\u0119 \u015bw. i&nbsp;namaszczenie \u015bwi\u0119tymi olejami.<\/p>\n\n\n\n<p><strong>Co przygotowa\u0107?<\/strong><\/p>\n\n\n\n<p>Przed wizyt\u0105 ksi\u0119dza przychodz\u0105cego z&nbsp;pos\u0142ug\u0105 sakramentu namaszczenia chorych trzeba przygotowa\u0107:&nbsp;<\/p>\n\n\n\n<p>stolik z&nbsp;krzy\u017cem,&nbsp;<br>zapalon\u0105 \u015bwiec\u0119,&nbsp;<br>wod\u0119 \u015bwi\u0119con\u0105,&nbsp;<br>kropid\u0142o.&nbsp;<\/p>\n\n\n\n<p><strong>Najwa\u017cniejsze jest jednak,<br>aby domownicy i&nbsp;osoby towarzysz\u0105ce<br>przygotowa\u0142y si\u0119 duchowo i&nbsp;modli\u0142y si\u0119<br>wraz z&nbsp;ksi\u0119dzem w&nbsp;intencji chorego.<\/strong><\/p>\n","protected":false},"excerpt":{"rendered":"<p>Ludzie nieraz pytaj\u0105:&nbsp;Kiedy wezwa\u0107 ksi\u0119dza do chorego z \u201eostatnim namaszczeniem\u201d?&nbsp; Niekiedy decyduj\u0105 si\u0119 na to, kiedy nie ma ju\u017c kontaktu z&nbsp;chorym i&nbsp;kap\u0142an faktycznie przychodzi za p\u00f3\u017ano. A&nbsp;przecie\u017c wcale nie musi tak by\u0107 Dlaczego nie wezwali\u015bcie mnie wcze\u015bniej? Niejeden kap\u0142an zadaje takie w\u0142a\u015bnie pytanie rodzinie ju\u017c zmar\u0142ego chorego. \u2013 No, bo to przecie\u017c ma by\u0107 ostatnie [&hellip;]<\/p>\n","protected":false},"author":1,"featured_media":0,"parent":0,"menu_order":0,"comment_status":"closed","ping_status":"closed","template":"","meta":{"_et_pb_use_builder":"off","_et_pb_old_content":"","_et_gb_content_width":"","footnotes":""},"class_list":["post-215","page","type-page","status-publish","hentry"],"_links":{"self":[{"href":"http:\/\/mbnp-starachowice.dkonto.pl\/index.php\/wp-json\/wp\/v2\/pages\/215","targetHints":{"allow":["GET"]}}],"collection":[{"href":"http:\/\/mbnp-starachowice.dkonto.pl\/index.php\/wp-json\/wp\/v2\/pages"}],"about":[{"href":"http:\/\/mbnp-starachowice.dkonto.pl\/index.php\/wp-json\/wp\/v2\/types\/page"}],"author":[{"embeddable":true,"href":"http:\/\/mbnp-starachowice.dkonto.pl\/index.php\/wp-json\/wp\/v2\/users\/1"}],"replies":[{"embeddable":true,"href":"http:\/\/mbnp-starachowice.dkonto.pl\/index.php\/wp-json\/wp\/v2\/comments?post=215"}],"version-history":[{"count":1,"href":"http:\/\/mbnp-starachowice.dkonto.pl\/index.php\/wp-json\/wp\/v2\/pages\/215\/revisions"}],"predecessor-version":[{"id":216,"href":"http:\/\/mbnp-starachowice.dkonto.pl\/index.php\/wp-json\/wp\/v2\/pages\/215\/revisions\/216"}],"wp:attachment":[{"href":"http:\/\/mbnp-starachowice.dkonto.pl\/index.php\/wp-json\/wp\/v2\/media?parent=215"}],"curies":[{"name":"wp","href":"https:\/\/api.w.org\/{rel}","templated":true}]}}