{"id":212,"date":"2022-12-25T13:33:54","date_gmt":"2022-12-25T12:33:54","guid":{"rendered":"https:\/\/mbnp-starachowice.dkonto.pl\/?page_id=212"},"modified":"2022-12-25T13:33:56","modified_gmt":"2022-12-25T12:33:56","slug":"malzenstwo","status":"publish","type":"page","link":"http:\/\/mbnp-starachowice.dkonto.pl\/index.php\/malzenstwo\/","title":{"rendered":"Ma\u0142\u017ce\u0144stwo"},"content":{"rendered":"\n<p>W sobot\u0119 11 wrze\u015bnia odb\u0119dzie si\u0119 w Sanktuarium w Ka\u0142kowie&nbsp;<strong>dzie\u0144 skupienia dla narzeczonych<\/strong>, kt\u00f3rzy planuj\u0105 sakrament ma\u0142\u017ce\u0144stwa wiosn\u0105 i latem przysz\u0142ego roku.<\/p>\n\n\n\n<p>B\u0119dzie to jednocze\u015bnie inauguracja jesiennego&nbsp;<strong>cyklu nauk przedma\u0142\u017ce\u0144skich<\/strong>. Spotka\u0144 jest dziesi\u0119\u0107, s\u0105 obowi\u0105zkowe i prowadzi je zesp\u00f3\u0142 specjalist\u00f3w w sk\u0142ad kt\u00f3rego wchodz\u0105 kap\u0142ani, psycholodzy, ma\u0142\u017ce\u0144stwo i lekarz. Spotkania odbywa\u0107 si\u0119 b\u0119d\u0105 w soboty o godz. 19.00 w sali pod ko\u015bcio\u0142em.&nbsp;<strong>Pierwsze spotkanie 18 wrze\u015bnia o 19.00&nbsp;<\/strong>Ilo\u015b\u0107 miejsc jest ograniczona. Informacje pod numerem parafialnym i na stronie parafialnej.<\/p>\n\n\n\n<p>Tematy Katechez:<\/p>\n\n\n\n<ol class=\"wp-block-list\">\n<li>Powo\u0142anie do \u017cycia w ma\u0142\u017ce\u0144stwie i rodzinie;<\/li>\n\n\n\n<li>Poznanie siebie w narzecze\u0144stwie;<\/li>\n\n\n\n<li>Zamys\u0142 Boga wzgl\u0119dem ma\u0142\u017ce\u0144stwa i rodziny;<\/li>\n\n\n\n<li>Aspekt prawny zawarcia;<\/li>\n\n\n\n<li>Ma\u0142\u017ce\u0144stwo jako sakrament;<\/li>\n\n\n\n<li>Liturgia \u015blubu;<\/li>\n\n\n\n<li>Rozw\u00f3j i zagro\u017cenia mi\u0142o\u015bci ma\u0142\u017ce\u0144skiej;<\/li>\n\n\n\n<li>Etyka \u017cycia ma\u0142\u017ce\u0144skiego;<\/li>\n\n\n\n<li>Rodzina Ko\u015bcio\u0142em domowym;<\/li>\n\n\n\n<li>Zasady funkcjonowania ma\u0142\u017ce\u0144stwa i rodziny.<\/li>\n<\/ol>\n\n\n\n<p><strong>Dokumenty potrzebne przy za\u0142atwianiu formalno\u015bci przed \u015blubem:<\/strong><\/p>\n\n\n\n<p>\u2013 metryka chrztu \u2013 nie starsza ni\u017c 6 miesi\u0119cy;<br>\u2013 dow\u00f3d osobisty;<br>\u2013 \u015bwiadectwo sakramentu bierzmowania, je\u017celi nie ma tej informacji na metryce chrztu;<br>\u2013 za\u015bwiadczenie o kursie przedma\u0142\u017ce\u0144skim ze szko\u0142y \u015bredniej;<br>\u2013 za\u015bwiadczenie o odbytym bezpo\u015brednim przygotowaniu do sakramentu ma\u0142\u017ce\u0144stwa (10 katechez)<br>\u2013 za\u015bwiadczenie o uczestnictwie w dniu skupienia;<br>\u2013 za\u015bwiadczenie z Urz\u0119du Stanu Cywilnego (niezb\u0119dne, gdy ma\u0142\u017conkowie chc\u0105, aby \u015blub ko\u015bcielny poci\u0105ga\u0142 za sob\u0105 r\u00f3wnie\u017c skutki cywilno-prawne \u2013 tzw. \u015blub konkordatowy) lub akt \u015blubu, je\u015bli wcze\u015bniej zawarto zwi\u0105zek cywilny.<br>\u2013 dok\u0142adne dane \u015bwiadk\u00f3w: data ur. i adres zameldowania.<\/p>\n\n\n\n<p>Z kompletem wy\u017cej wymienionymi dokumentami zg\u0142aszamy si\u0119 oko\u0142o 3 miesi\u0119cy przed \u015blubem.<\/p>\n\n\n\n<p><strong>Dni skupienia dla narzeczonych<\/strong><\/p>\n\n\n\n<p>Pary zamierzaj\u0105ce zawrze\u0107 sakramentalny zwi\u0105zek ma\u0142\u017ce\u0144ski powinny uczestniczy\u0107 w katechezach przed\u015blubnych w swoich parafiach. Integraln\u0105 cz\u0119\u015bci\u0105 przygotowania bezpo\u015bredniego do ma\u0142\u017ce\u0144stwa jest dzie\u0144 skupienia dla narzeczonych. Uczestnictwo w dniu skupienia (jednym) mo\u017ce odby\u0107 si\u0119 przed, w czasie lub po katechezach przed\u015blubnych.<\/p>\n\n\n\n<p>Udzia\u0142 w dniu skupienia nie wymaga wcze\u015bniejszego zg\u0142oszenia.<\/p>\n\n\n\n<p>Narzeczeni powinni by\u0107 skierowani do odbycia dnia skupienia w jednym z sanktuari\u00f3w maryjnych diecezji radomskiej.<br>Dni skupienia organizowane s\u0105 cztery razy w roku:<\/p>\n\n\n\n<p>II sobota wielkiego Postu&nbsp;<br>III sobota maja&nbsp;<br>II sobota wrze\u015bnia<br>I sobota Adwentu&nbsp;<\/p>\n\n\n\n<p><strong>Og\u00f3lny program dnia skupienia dla narzeczonych:<\/strong><\/p>\n\n\n\n<p>10.00 \u2013 rozpocz\u0119cie przywitaniem narzeczonych (kustosz)&nbsp;<br>10.30 \u2013 nabo\u017ce\u0144stwo pokutne (dekanalny duszpasterz rodzin)<br>11.00 \u2013 spowied\u017a (mo\u017ce to by\u0107 &nbsp;spowied\u017a generaln\u0105 z ca\u0142ego \u017cycia)&nbsp;<br>12.00 \u2013 Msza \u015bw.&nbsp;<br>13.00 \u2013 czas na pocz\u0119stunek&nbsp;<br>13.30 \u2013 konferencja Doradcy \u017bycia Rodzinnego.<\/p>\n","protected":false},"excerpt":{"rendered":"<p>W sobot\u0119 11 wrze\u015bnia odb\u0119dzie si\u0119 w Sanktuarium w Ka\u0142kowie&nbsp;dzie\u0144 skupienia dla narzeczonych, kt\u00f3rzy planuj\u0105 sakrament ma\u0142\u017ce\u0144stwa wiosn\u0105 i latem przysz\u0142ego roku. B\u0119dzie to jednocze\u015bnie inauguracja jesiennego&nbsp;cyklu nauk przedma\u0142\u017ce\u0144skich. Spotka\u0144 jest dziesi\u0119\u0107, s\u0105 obowi\u0105zkowe i prowadzi je zesp\u00f3\u0142 specjalist\u00f3w w sk\u0142ad kt\u00f3rego wchodz\u0105 kap\u0142ani, psycholodzy, ma\u0142\u017ce\u0144stwo i lekarz. Spotkania odbywa\u0107 si\u0119 b\u0119d\u0105 w soboty o [&hellip;]<\/p>\n","protected":false},"author":1,"featured_media":0,"parent":0,"menu_order":0,"comment_status":"closed","ping_status":"closed","template":"","meta":{"_et_pb_use_builder":"off","_et_pb_old_content":"","_et_gb_content_width":"","footnotes":""},"class_list":["post-212","page","type-page","status-publish","hentry"],"_links":{"self":[{"href":"http:\/\/mbnp-starachowice.dkonto.pl\/index.php\/wp-json\/wp\/v2\/pages\/212","targetHints":{"allow":["GET"]}}],"collection":[{"href":"http:\/\/mbnp-starachowice.dkonto.pl\/index.php\/wp-json\/wp\/v2\/pages"}],"about":[{"href":"http:\/\/mbnp-starachowice.dkonto.pl\/index.php\/wp-json\/wp\/v2\/types\/page"}],"author":[{"embeddable":true,"href":"http:\/\/mbnp-starachowice.dkonto.pl\/index.php\/wp-json\/wp\/v2\/users\/1"}],"replies":[{"embeddable":true,"href":"http:\/\/mbnp-starachowice.dkonto.pl\/index.php\/wp-json\/wp\/v2\/comments?post=212"}],"version-history":[{"count":1,"href":"http:\/\/mbnp-starachowice.dkonto.pl\/index.php\/wp-json\/wp\/v2\/pages\/212\/revisions"}],"predecessor-version":[{"id":213,"href":"http:\/\/mbnp-starachowice.dkonto.pl\/index.php\/wp-json\/wp\/v2\/pages\/212\/revisions\/213"}],"wp:attachment":[{"href":"http:\/\/mbnp-starachowice.dkonto.pl\/index.php\/wp-json\/wp\/v2\/media?parent=212"}],"curies":[{"name":"wp","href":"https:\/\/api.w.org\/{rel}","templated":true}]}}