{"id":206,"date":"2022-12-25T13:29:26","date_gmt":"2022-12-25T12:29:26","guid":{"rendered":"https:\/\/mbnp-starachowice.dkonto.pl\/?page_id=206"},"modified":"2022-12-25T13:29:28","modified_gmt":"2022-12-25T12:29:28","slug":"chrzest","status":"publish","type":"page","link":"http:\/\/mbnp-starachowice.dkonto.pl\/index.php\/chrzest\/","title":{"rendered":"Chrzest"},"content":{"rendered":"\n<h4 class=\"wp-block-heading\"><strong>KANCELARIA PARAFIALNA<\/strong><br><strong>tel. 412 732 911<\/strong><br><strong>email: parafia.starachowice@gmail.com<\/strong><\/h4>\n\n\n\n<p><strong>poniedzia\u0142ek<\/strong>: 18:30 &nbsp; &nbsp;<strong>wtorek<\/strong>: 18:30<br><strong>czwartek<\/strong>: 18:30 &nbsp; &nbsp; &nbsp; &nbsp; &nbsp;&nbsp;<strong>sobota<\/strong>: 9:00 \u2013 10:00<\/p>\n\n\n\n<p><strong>Za\u015bwiadczenie dla rodzic\u00f3w chrzestnych, kt\u00f3rzy po raz pierwszy b\u0119d\u0105 podawa\u0107 dziecko do chrztu wystawiane jest&nbsp;TYLKO&nbsp;podczas KATECHEZY w ka\u017cdy&nbsp;PIERWSZY PI\u0104TEK MIESI\u0104CA&nbsp;o godz. 19:00 w sali pod ko\u015bcio\u0142em.<\/strong><\/p>\n\n\n\n<h4 class=\"wp-block-heading\"><strong>Dokumenty przy zg\u0142aszaniu chrztu dziecka:<\/strong><\/h4>\n\n\n\n<p>\u2013 akt urodzenia dziecka;<br>\u2013 wyci\u0105g z aktu \u015blubu ko\u015bcielnego rodzic\u00f3w;<br>\u2013 dane o rodzicach chrzestnych (nazwisko i imi\u0119, data ur., dok\u0142adny adres)<br>\u2013 za\u015bwiadczenia z parafii zamieszkania rodzic\u00f3w chrzestnych o praktykowaniu wiary.<br>\u2013 je\u017celi rodzice nie mieszkaj\u0105 na terenie naszej Parafii potrzebne b\u0119dzie pisemne zezwolenie przez proboszcza.<\/p>\n\n\n\n<p>UWAGA: godno\u015b\u0107 chrzestnych mog\u0105 piastowa\u0107 wy\u0142\u0105cznie wierz\u0105cy i praktykuj\u0105cy katolicy. Chrzestni spoza naszej parafii powinni dostarczy\u0107 za\u015bwiadczenie swojego proboszcza, natomiast mieszkaj\u0105cy na terenie naszej parafii i pe\u0142ni\u0105cy po raz pierwszy t\u0119 funkcj\u0119 oraz rodzice, kt\u00f3rzy pierwszy raz chrzcz\u0105 swoje dziecko zg\u0142aszaj\u0105 si\u0119 obowi\u0105zkowo na nauk\u0119 chrzcieln\u0105 kt\u00f3ra odbywa si\u0119 w ka\u017cdy pierwszy pi\u0105tek miesi\u0105ca o godz. 19:00. Wtedy chrzestni otrzymuj\u0105 stosowne za\u015bwiadczenia.<\/p>\n\n\n\n<p>Sakramentu chrztu udzielamy:<br>\u2013 w niedziel\u0119 na mszy \u015bw. o godz. 10:00 i&nbsp;12:30.<\/p>\n\n\n\n<p><strong>Kto mo\u017ce zosta\u0107 chrzestnym dziecka?<\/strong><\/p>\n\n\n\n<p><strong><em>\u2013 osoba maj\u0105ca uko\u0144czona 16 lat i przyj\u0119\u0142a sakrament Bierzmowania<br><\/em><em>\u2013 nale\u017c\u0105ca do Ko\u015bcio\u0142a Katolickiego i uznaj\u0105ca prawdy g\u0142oszone przez Ko\u015bci\u00f3\u0142<br><\/em><em>\u2013 przyjmuj\u0105ca sakramenty \u015bwi\u0119te i uczestnicz\u0105ca w Eucharystii<br><\/em><em>\u2013 przygotowana poprzez katechez\u0119<br><\/em><em>\u2013 ma\u0142\u017conkowie \u017cyj\u0105cy w zwi\u0105zku sakramentalnym<br><\/em><em>\u2013 rodzice wychowuj\u0105cy swoje dzieci po katolicku<br><\/em><em>\u2013 cz\u0142onkowie rodzin spotykaj\u0105cych si\u0119 z ksi\u0119dzem w czasie wizyty duszpasterskiej<br><\/em><em>\u2013 m\u0142odzie\u017a ucz\u0119szczaj\u0105ca na katechizacj\u0119<\/em><\/strong><\/p>\n\n\n\n<p><strong><em>Nie mog\u0105 by\u0107 to osoby \u017cyj\u0105ce niezgodnie z wiar\u0105 i nauk\u0105 Ko\u015bcio\u0142a np. w zwi\u0105zku cywilnym,&nbsp;<\/em><em>konkubinacie lub nie maj\u0105ce nic wsp\u00f3lnego z \u017cyciem Ko\u015bcio\u0142a (niepraktykuj\u0105cy, albo praktykuj\u0105cy&nbsp;<\/em><em>tylko \u201cod \u015bwi\u0119ta\u201d).<\/em><\/strong><\/p>\n\n\n\n<p><strong>Co na to Kodeks Prawa Kanonicznego?<\/strong><\/p>\n\n\n\n<p>Kan. 872. Przyjmuj\u0105cy chrzest powinien mie\u0107, je\u015bli to mo\u017cliwe, chrzestnego. Ma on doros\u0142emu towarzyszy\u0107 w chrze\u015bcija\u0144skim wtajemniczeniu, a dziecko wraz z rodzicami przedstawia\u0107 do chrztu oraz pomaga\u0107, \u017ceby ochrzczony prowadzi\u0142 \u017cycie chrze\u015bcija\u0144skie odpowiadaj\u0105ce przyj\u0119temu sakramentowi i wype\u0142nia\u0142 wiernie z\u0142\u0105czone z nim obowi\u0105zki.<\/p>\n\n\n\n<p>Kan. 874. \u00a7 1. Do przyj\u0119cia zadania chrzestnego mo\u017ce by\u0107 dopuszczony ten, kto:<\/p>\n\n\n\n<p>1\u00b0 jest wyznaczony przez przyjmuj\u0105cego chrzest albo przez jego rodzic\u00f3w, albo przez tego, kto ich zast\u0119puje, a gdy tych nie ma, przez proboszcza lub szafarza chrztu, i posiada wymagane do tego kwalifikacje oraz intencj\u0119 pe\u0142nienia tego zadania;<\/p>\n\n\n\n<p>2\u00b0 uko\u0144czy\u0142&nbsp;<strong>szesna\u015bcie lat<\/strong>, chyba \u017ce biskup diecezjalny okre\u015bli\u0142 inny wiek albo proboszcz lub szafarz jest zdania, \u017ce s\u0142uszna przyczyna zaleca dopuszczenie wyj\u0105tku;<\/p>\n\n\n\n<p>3\u00b0 jest katolikiem,&nbsp;<strong>bierzmowanym<\/strong>&nbsp;i przyj\u0105\u0142 ju\u017c sakrament Naj\u015bwi\u0119tszej Eucharystii oraz&nbsp;<strong>prowadzi \u017cycie zgodne z wiar\u0105&nbsp;<\/strong>i odpowiadaj\u0105ce funkcji, jak\u0105 ma pe\u0142ni\u0107;<\/p>\n\n\n\n<p>4\u00b0 jest&nbsp;<strong>wolny od jakiejkolwiek kary kanonicznej<\/strong>, zgodnie z prawem wymierzonej lub deklarowanej;<\/p>\n\n\n\n<p>5\u00b0 nie jest ojcem lub matk\u0105 przyjmuj\u0105cego chrzest.<\/p>\n\n\n\n<p>\u00a7 2. Ochrzczony, nale\u017c\u0105cy do niekatolickiej wsp\u00f3lnoty ko\u015bcielnej, mo\u017ce by\u0107 dopuszczony tylko razem z chrzestnym katolikiem i to jedynie jako \u015bwiadek chrztu.<\/p>\n\n\n\n<p>&nbsp;Jak wida\u0107, wymogi Ko\u015bcio\u0142a s\u0105 bardzo konkretne. Jedynie ocena \u017cycia zgodnego z wiar\u0105 i odpowiadaj\u0105ce funkcji chrzestnego mo\u017ce nasuwa\u0107 pewne trudno\u015bci i w\u0105tpliwo\u015bci. Dlatego ksi\u0105dz powinien zapyta\u0107 o spraw\u0119 modlitwy, uczestnictwa w coniedzielnej Eucharystii, o stosunek do zasad wiary i moralno\u015bci chrze\u015bcija\u0144skiej, o zdolno\u015b\u0107 do wzi\u0119cia odpowiedzialno\u015bci za chrze\u015bcija\u0144skie wychowanie itp. Bez tych kwalifikacji trudno by\u0142oby wype\u0142nia\u0107 obowi\u0105zki rodzica chrzestnego, podobnie jak bez znajomo\u015bci przepis\u00f3w ruchu i bez dobrego wzroku, trudno by\u0142oby bezpiecznie prowadzi\u0107 autobus z dzie\u0107mi szkolnymi.<\/p>\n","protected":false},"excerpt":{"rendered":"<p>KANCELARIA PARAFIALNAtel. 412 732 911email: parafia.starachowice@gmail.com poniedzia\u0142ek: 18:30 &nbsp; &nbsp;wtorek: 18:30czwartek: 18:30 &nbsp; &nbsp; &nbsp; &nbsp; &nbsp;&nbsp;sobota: 9:00 \u2013 10:00 Za\u015bwiadczenie dla rodzic\u00f3w chrzestnych, kt\u00f3rzy po raz pierwszy b\u0119d\u0105 podawa\u0107 dziecko do chrztu wystawiane jest&nbsp;TYLKO&nbsp;podczas KATECHEZY w ka\u017cdy&nbsp;PIERWSZY PI\u0104TEK MIESI\u0104CA&nbsp;o godz. 19:00 w sali pod ko\u015bcio\u0142em. Dokumenty przy zg\u0142aszaniu chrztu dziecka: \u2013 akt urodzenia dziecka;\u2013 [&hellip;]<\/p>\n","protected":false},"author":1,"featured_media":0,"parent":0,"menu_order":0,"comment_status":"closed","ping_status":"closed","template":"","meta":{"_et_pb_use_builder":"off","_et_pb_old_content":"","_et_gb_content_width":"","footnotes":""},"class_list":["post-206","page","type-page","status-publish","hentry"],"_links":{"self":[{"href":"http:\/\/mbnp-starachowice.dkonto.pl\/index.php\/wp-json\/wp\/v2\/pages\/206","targetHints":{"allow":["GET"]}}],"collection":[{"href":"http:\/\/mbnp-starachowice.dkonto.pl\/index.php\/wp-json\/wp\/v2\/pages"}],"about":[{"href":"http:\/\/mbnp-starachowice.dkonto.pl\/index.php\/wp-json\/wp\/v2\/types\/page"}],"author":[{"embeddable":true,"href":"http:\/\/mbnp-starachowice.dkonto.pl\/index.php\/wp-json\/wp\/v2\/users\/1"}],"replies":[{"embeddable":true,"href":"http:\/\/mbnp-starachowice.dkonto.pl\/index.php\/wp-json\/wp\/v2\/comments?post=206"}],"version-history":[{"count":1,"href":"http:\/\/mbnp-starachowice.dkonto.pl\/index.php\/wp-json\/wp\/v2\/pages\/206\/revisions"}],"predecessor-version":[{"id":207,"href":"http:\/\/mbnp-starachowice.dkonto.pl\/index.php\/wp-json\/wp\/v2\/pages\/206\/revisions\/207"}],"wp:attachment":[{"href":"http:\/\/mbnp-starachowice.dkonto.pl\/index.php\/wp-json\/wp\/v2\/media?parent=206"}],"curies":[{"name":"wp","href":"https:\/\/api.w.org\/{rel}","templated":true}]}}