{"id":202,"date":"2022-12-25T13:14:39","date_gmt":"2022-12-25T12:14:39","guid":{"rendered":"https:\/\/mbnp-starachowice.dkonto.pl\/?page_id=202"},"modified":"2022-12-25T13:14:40","modified_gmt":"2022-12-25T12:14:40","slug":"diakonia-modlitwy","status":"publish","type":"page","link":"http:\/\/mbnp-starachowice.dkonto.pl\/index.php\/diakonia-modlitwy\/","title":{"rendered":"Diakonia Modlitwy"},"content":{"rendered":"\n<p><em>\u201eDiakonia Modlitwy musi by\u0107 widziana w powi\u0105zaniu z wszystkimi innymi diakoniami, bo&nbsp;<strong>bez modlitwy \u017cadne z (\u2026) zada\u0144 nie mo\u017ce by\u0107 realizowane<\/strong>, ale r\u00f3wnocze\u015bnie diakonia modlitwy ma na uwadze pog\u0142\u0119bianie samego \u017cycia modlitwy (\u2026). Grupy modlitewne tak musz\u0105 by\u0107 ustawione, aby widzia\u0142y siebie na us\u0142ugach parafii, w\u0142a\u015bnie jako diakonia, kt\u00f3ra innych prowadzi do modlitwy i sama si\u0119 modli. Dlatego w ca\u0142ym procesie odnowy Ko\u015bcio\u0142a lokalnego diakonia modlitwy musi by\u0107 widziana jako diakonia fundamentalna.\u201d&nbsp;<\/em><\/p>\n\n\n\n<p>Czcigodny S\u0142uga Bo\u017cy ks. Franciszek Blachnicki&nbsp;za\u0142o\u017cyciel Ruchu \u015awiat\u0142o-\u017bycie<\/p>\n\n\n\n<p>Po rocznej modlitwie w uroczysto\u015b\u0107 Objawienia Pa\u0144skiego w dniu 6 stycznia 2018 roku powsta\u0142a diakonia modlitwy. Oko\u0142o 30 os\u00f3b by\u0142o gotowych modli\u0107 si\u0119 w intencjach podanych przez potrzebuj\u0105cych pomocy modlitewnej. Na stronie parafii zosta\u0142a za\u0142o\u017cona zak\u0142adka&nbsp;<em>\u201eKsi\u0119ga modlitwy\u201d<\/em>, gdzie w spos\u00f3b elektroniczny mo\u017cna wysy\u0142a\u0107 intencje. Patronem diakonii zosta\u0142 \u015aw. Jan Pawe\u0142 II, a&nbsp;opiekunem duchowym ks. Damian Spi\u017cewski.&nbsp;<\/p>\n\n\n\n<p>Zadaniem diakonii jest codzienna modlitwa&nbsp;jednym dziesi\u0105tkiem r\u00f3\u017ca\u0144ca&nbsp;w intencjach podanych na stronie \u201eKsi\u0119ga modlitwy\u201d i \u201ePod twoj\u0105 obron\u0119..\u201d za cz\u0142onk\u00f3w diakonii. Spotykamy si\u0119 raz w miesi\u0105cu w pierwszy czwartek. Nasze spotkanie rozpoczynamy od Adoracji Naj\u015bwi\u0119tszego Sakramentu od godz. 19:00 do 20:00. Adorujemy Pana Jezusa razem innymi parafianami najpierw w ciszy przez p\u00f3\u0142 godziny, a nast\u0119pnie muzyk\u0105, \u015bpiewem i modlitw\u0105 przygotowan\u0105 przez diakoni\u0119 muzyczn\u0105 razem z diakoni\u0105 modlitewn\u0105. Po adoracji s\u0142uchamy konferencji naszego opiekuna Ksi\u0119dza Damiana. Obecnie do diakoni modlitwy nale\u017c\u0105 43 osoby, a do diakoni muzycznej, kt\u00f3ra nas wspomaga 15 os\u00f3b.<\/p>\n\n\n\n<p>Do diakonii modlitwy mog\u0105 nale\u017ce\u0107 wszyscy, osoby nale\u017c\u0105ce do r\u00f3\u017cnych wsp\u00f3lnot, kt\u00f3re chc\u0105 po\u015bwi\u0119ci\u0107 troch\u0119 swojego czasu na codzienn\u0105 modlitw\u0119. Za\u0142o\u017ceniem diakonii jest pog\u0142\u0119bienie \u017cycia modlitw\u0105, kt\u00f3ra jest podstaw\u0105 do ka\u017cdego dzia\u0142ania.W pos\u0142udze Diakonii Modlitwy ma ona podw\u00f3jne zadanie: pierwsze z nich ma na celu przemienia\u0107 i umacnia\u0107 wszystkich cz\u0142onk\u00f3w diakonii oraz pom\u00f3c w rozwijaniu \u0142aski Bo\u017cej, na co dzie\u0144 w ich \u017cyciu. Drugie za\u015b to modlitwa za Ko\u015bci\u00f3\u0142, diecezj\u0119, Ruch \u015awiat\u0142o-\u017bycie i podejmowane przez jego cz\u0142onk\u00f3w inicjatywy. Diakonia wspiera modlitw\u0105 poszczeg\u00f3lne osoby czy wsp\u00f3lnoty, kt\u00f3re prosz\u0105 o modlitw\u0119.<\/p>\n\n\n\n<p>Bardzo serdecznie zapraszamy do w\u0142\u0105czenia si\u0119 w diakoni\u0119 modlitwy.<\/p>\n\n\n\n<figure class=\"wp-block-image\"><img decoding=\"async\" src=\"http:\/\/parafia.starachowice.pl\/wp-content\/uploads\/2021\/03\/diakonia-1024x704.png\" alt=\"\" class=\"wp-image-9487\"\/><\/figure>\n\n\n\n<p>Jola i Wadiusz Choch\u00f3\u0142 (moderatorzy) tel. 603537673 lub kontakt z Ks. Damianem Spi\u017cewskim.<\/p>\n","protected":false},"excerpt":{"rendered":"<p>\u201eDiakonia Modlitwy musi by\u0107 widziana w powi\u0105zaniu z wszystkimi innymi diakoniami, bo&nbsp;bez modlitwy \u017cadne z (\u2026) zada\u0144 nie mo\u017ce by\u0107 realizowane, ale r\u00f3wnocze\u015bnie diakonia modlitwy ma na uwadze pog\u0142\u0119bianie samego \u017cycia modlitwy (\u2026). Grupy modlitewne tak musz\u0105 by\u0107 ustawione, aby widzia\u0142y siebie na us\u0142ugach parafii, w\u0142a\u015bnie jako diakonia, kt\u00f3ra innych prowadzi do modlitwy i sama [&hellip;]<\/p>\n","protected":false},"author":1,"featured_media":0,"parent":0,"menu_order":0,"comment_status":"closed","ping_status":"closed","template":"","meta":{"_et_pb_use_builder":"off","_et_pb_old_content":"","_et_gb_content_width":"","footnotes":""},"class_list":["post-202","page","type-page","status-publish","hentry"],"_links":{"self":[{"href":"http:\/\/mbnp-starachowice.dkonto.pl\/index.php\/wp-json\/wp\/v2\/pages\/202","targetHints":{"allow":["GET"]}}],"collection":[{"href":"http:\/\/mbnp-starachowice.dkonto.pl\/index.php\/wp-json\/wp\/v2\/pages"}],"about":[{"href":"http:\/\/mbnp-starachowice.dkonto.pl\/index.php\/wp-json\/wp\/v2\/types\/page"}],"author":[{"embeddable":true,"href":"http:\/\/mbnp-starachowice.dkonto.pl\/index.php\/wp-json\/wp\/v2\/users\/1"}],"replies":[{"embeddable":true,"href":"http:\/\/mbnp-starachowice.dkonto.pl\/index.php\/wp-json\/wp\/v2\/comments?post=202"}],"version-history":[{"count":1,"href":"http:\/\/mbnp-starachowice.dkonto.pl\/index.php\/wp-json\/wp\/v2\/pages\/202\/revisions"}],"predecessor-version":[{"id":203,"href":"http:\/\/mbnp-starachowice.dkonto.pl\/index.php\/wp-json\/wp\/v2\/pages\/202\/revisions\/203"}],"wp:attachment":[{"href":"http:\/\/mbnp-starachowice.dkonto.pl\/index.php\/wp-json\/wp\/v2\/media?parent=202"}],"curies":[{"name":"wp","href":"https:\/\/api.w.org\/{rel}","templated":true}]}}