{"id":189,"date":"2022-12-25T12:42:16","date_gmt":"2022-12-25T11:42:16","guid":{"rendered":"https:\/\/mbnp-starachowice.dkonto.pl\/?page_id=189"},"modified":"2022-12-25T12:42:19","modified_gmt":"2022-12-25T11:42:19","slug":"chor-gaude-mater","status":"publish","type":"page","link":"http:\/\/mbnp-starachowice.dkonto.pl\/index.php\/chor-gaude-mater\/","title":{"rendered":"Ch\u00f3r Gaude Mater"},"content":{"rendered":"\n<p><strong>\u201cMeridies\u201d 1994 \u2013 2016<\/strong><\/p>\n\n\n\n<p>Ch\u00f3r istnieje od 1994 r. W tym okresie licznie koncertowa\u0142 w Polsce i zagranic\u0105 (Niemcy, Litwa, Czechy, S\u0142owacja, Ukraina, Austria, W\u0119gry). Zosta\u0142 zaproszony do \u015bpiewania podczas mszy radiowej w Warszawie i dwukrotnie w telewizyjnej w Krakowie. Koncertowa\u0142 r\u00f3wnie\u017c podczas \u201eDni Muzyki Organowej\u201d w Starachowicach. Co roku tak\u017ce, wyje\u017cd\u017ca\u0142 za granic\u0119 w celach koncertowo \u2013 rekreacyjnych.<\/p>\n\n\n\n<p><strong>\u201cGaude Mater\u201d 2016 \u2013<\/strong><\/p>\n\n\n\n<p>Trzecia ods\u0142ona ch\u00f3ru parafialnego. Celem naszego zespo\u0142u jest przede wszystkim upi\u0119kszanie liturgii w naszej \u015bwi\u0105tyni. Nasze pr\u00f3by odbywaj\u0105 si\u0119 w czwartki o godz. 19.00. Naszym dyrygentem jest Pan Krzysztof Zajchowski, a opiekunem duchowym ks. Karol Kostecki.<\/p>\n\n\n\n<p><a href=\"https:\/\/www.facebook.com\/gaudematerstarachowice\/\">https:\/\/www.facebook.com\/gaudematerstarachowice\/<\/a><\/p>\n\n\n\n<p>Serdecznie zapraszamy.<\/p>\n","protected":false},"excerpt":{"rendered":"<p>\u201cMeridies\u201d 1994 \u2013 2016 Ch\u00f3r istnieje od 1994 r. W tym okresie licznie koncertowa\u0142 w Polsce i zagranic\u0105 (Niemcy, Litwa, Czechy, S\u0142owacja, Ukraina, Austria, W\u0119gry). Zosta\u0142 zaproszony do \u015bpiewania podczas mszy radiowej w Warszawie i dwukrotnie w telewizyjnej w Krakowie. Koncertowa\u0142 r\u00f3wnie\u017c podczas \u201eDni Muzyki Organowej\u201d w Starachowicach. Co roku tak\u017ce, wyje\u017cd\u017ca\u0142 za granic\u0119 w [&hellip;]<\/p>\n","protected":false},"author":1,"featured_media":0,"parent":0,"menu_order":0,"comment_status":"closed","ping_status":"closed","template":"","meta":{"_et_pb_use_builder":"off","_et_pb_old_content":"","_et_gb_content_width":"","footnotes":""},"class_list":["post-189","page","type-page","status-publish","hentry"],"_links":{"self":[{"href":"http:\/\/mbnp-starachowice.dkonto.pl\/index.php\/wp-json\/wp\/v2\/pages\/189","targetHints":{"allow":["GET"]}}],"collection":[{"href":"http:\/\/mbnp-starachowice.dkonto.pl\/index.php\/wp-json\/wp\/v2\/pages"}],"about":[{"href":"http:\/\/mbnp-starachowice.dkonto.pl\/index.php\/wp-json\/wp\/v2\/types\/page"}],"author":[{"embeddable":true,"href":"http:\/\/mbnp-starachowice.dkonto.pl\/index.php\/wp-json\/wp\/v2\/users\/1"}],"replies":[{"embeddable":true,"href":"http:\/\/mbnp-starachowice.dkonto.pl\/index.php\/wp-json\/wp\/v2\/comments?post=189"}],"version-history":[{"count":1,"href":"http:\/\/mbnp-starachowice.dkonto.pl\/index.php\/wp-json\/wp\/v2\/pages\/189\/revisions"}],"predecessor-version":[{"id":190,"href":"http:\/\/mbnp-starachowice.dkonto.pl\/index.php\/wp-json\/wp\/v2\/pages\/189\/revisions\/190"}],"wp:attachment":[{"href":"http:\/\/mbnp-starachowice.dkonto.pl\/index.php\/wp-json\/wp\/v2\/media?parent=189"}],"curies":[{"name":"wp","href":"https:\/\/api.w.org\/{rel}","templated":true}]}}