{"id":17,"date":"2022-07-16T19:36:10","date_gmt":"2022-07-16T17:36:10","guid":{"rendered":"http:\/\/mbnp-starachowice.dkonto.pl\/?page_id=17"},"modified":"2022-12-24T10:02:06","modified_gmt":"2022-12-24T09:02:06","slug":"ogloszenia","status":"publish","type":"page","link":"http:\/\/mbnp-starachowice.dkonto.pl\/index.php\/ogloszenia\/","title":{"rendered":"Og\u0142oszenia"},"content":{"rendered":"\n<p>Og\u0142oszenia, 18.12.2022 r.<\/p>\n\n\n\n<ol class=\"wp-block-list\">\n<li><strong>Dzi\u0119kujmy Bogu za&nbsp;<\/strong><strong><u>czas rekolekcji<\/u><\/strong><strong>&nbsp;i naszym duszpasterzom&nbsp; za pos\u0142ug\u0119 S\u0142owa Bo\u017cego. Kilkunastu kap\u0142an\u00f3w pos\u0142ugiwa\u0142o wczoraj w konfesjona\u0142ach przez ca\u0142y dzie\u0144 &nbsp;. Dzisiaj wystawienie Naj\u015bwi\u0119tszego Sakramentu o 17.30..<\/strong><\/li>\n\n\n\n<li><strong><u>Odwiedziny u chorych<\/u><\/strong><strong>&nbsp;z pos\u0142ug\u0105 duszpastersk\u0105 przed \u015bwi\u0119tami we wtorek od godz. 9.00 do 11.00 .<\/strong><\/li>\n\n\n\n<li><strong><u>\u015awiece Wigilijnej Akcji Pomocy Dzieciom&nbsp;<\/u><\/strong><strong>do nabycia w punkcie Caritas.<\/strong><\/li>\n\n\n\n<li><strong><u>Op\u0142atki do nabycia u pan Organisty.<\/u><\/strong><\/li>\n\n\n\n<li><strong>Po Mszy \u015bw. m\u0142odzie\u017c rozprowadza wykonane w\u0142asnor\u0119cznie&nbsp;<\/strong><strong><u>\u015bwi\u0105teczne kartki.&nbsp;<\/u><\/strong><strong>&nbsp;Sk\u0142adamy B\u00f3g zap\u0142a\u0107 za wsparcie .<\/strong><\/li>\n\n\n\n<li><strong>Bardzo dzi\u0119kujemy wszystkim ofiarodawcom&nbsp;<\/strong><strong><u>paczek z Adwentowej Choinki&nbsp;<\/u><\/strong><strong>i zespo\u0142owi Caritas i wszystkim kt\u00f3rzy pomagali.<\/strong><\/li>\n\n\n\n<li><strong>Przypominamy i zach\u0119camy dzieci z rodzinami do wykonania szopek i postaci Anio\u0142a Betlejemskiego.<\/strong><\/li>\n\n\n\n<li><strong><u>M\u0119ski R\u00f3\u017caniec<\/u><\/strong><strong>&nbsp;w poniedzia\u0142ek o 19.00.<\/strong><\/li>\n\n\n\n<li><strong>Pr\u00f3ba jase\u0142ek w poniedzia\u0142ek i czwartek o 19.00 .<\/strong><strong><u>&nbsp;Jase\u0142ka<\/u><\/strong><strong>&nbsp;w wykonaniu dzieci , m\u0142odzie\u017cy i doros\u0142ych zostan\u0105 zaprezentowane podczas Pasterki o godz. 21.00. Serdecznie zapraszamy.<\/strong><\/li>\n\n\n\n<li><strong>W sobot\u0119 ostatnie roraty o 6.15. Wieczorem&nbsp;<\/strong><strong><u>wigilia Bo\u017cego Narodzenia<\/u><\/strong><strong>. Zanim po\u0142amiemy si\u0119 op\u0142atkiem odm\u00f3wmy modlitw\u0119 i odczytajmy fragment z Pisma \u015awi\u0119tego o Narodzeniu Pana Jezusa. Pasterka dla dzieci o 21.00 a dla wszystkich doros\u0142ych o 24.00. Przed Pasterk\u0105 o 23.30 zapraszamy na koncert scholii gregoria\u0144skiej i ch\u00f3ru parafialnego. W niedziel\u0119&nbsp;<\/strong><strong><u>uroczysto\u015b\u0107 Bo\u017cego Narodzenia, a w poniedzia\u0142ek drugi dzie\u0144 \u015bwi\u0105t i wspomnienie \u015bw. Szczepana<\/u><\/strong><strong>. Ofiary do puszek w poniedzia\u0142ek przeznaczone zostan\u0105 na Katolicki Uniwersytet Lubelski.<\/strong><\/li>\n\n\n\n<li><strong>Po \u015bwi\u0119tach we wtorek po po\u0142udniu rozpoczniemy&nbsp;<\/strong><strong><u>wizyt\u0119 duszpastersk\u0105<\/u><\/strong><strong>&nbsp;w\u015br\u00f3d naszych parafian. Prosimy o wyra\u017any znak zaproszenia kap\u0142ana przez wywieszenie obrazka na drzwiach, otwart\u0105 furtk\u0119 . Prosimy o dopilnowanie otwartych drzwi do klatek schodowych w blokach. Dzieci i m\u0142odzie\u017c przygotowywuj\u0105 \u0107wiczeni\u00f3wki&nbsp; do religii i indeks kandydat\u00f3w do bierzmowania. Z\u0142o\u017cone ofiary podczas kol\u0119dy &nbsp;przeznaczone zostan\u0105 na sp\u0142at\u0119 wykonanych prac na tarasie ko\u015bcio\u0142a . Wizyta duszpasterska przed po\u0142udniem&nbsp; rozpoczyna si\u0119 o godz. 9.00, a po po\u0142udniu od 15.30. Podczas wizyty duszpasterskiej a wi\u0119c do ko\u0144ca stycznia kancelaria parafialna czynna tylko w sobot\u0119 po po\u0142udniu od godz. 16.00. Woda \u015bwi\u0119cona jest do pobierania przy wyj\u015bciu z ko\u015bcio\u0142a od strony tarasu. Plan najbli\u017cszej wizyty duszpasterskiej zostanie podany&nbsp;&nbsp; w \u015bwi\u0119ta w og\u0142oszeniach i na parafialnym Facebooku.<\/strong><\/li>\n\n\n\n<li><strong><u>Op\u0142atek Rady Parafialnej<\/u><\/strong><strong>&nbsp;oraz grup i wsp\u00f3lnot parafialnych dzieci, m\u0142odzie\u017cy i doros\u0142ych \u2013 w pi\u0105tek 6 stycznia , w \u015bwi\u0119to Trzech Kr\u00f3li o godz. 15.00&nbsp; w domu weselnym przy ul. Pastwiska.<\/strong><\/li>\n\n\n\n<li><strong>Dzi\u0119kujemy\u00a0<u>mieszka\u0144com z\u00a0<\/u>ul. Wysockiego 2 za posprz\u0105tanie \u015bwi\u0105tyni i\u00a0 z\u0142o\u017con\u0105\u00a0ofiar\u0119 na dekoracj\u0119 \u015bwi\u0105teczn\u0105 ko\u015bcio\u0142a . Trosk\u0119 o \u015bwi\u0105tyni\u0119 w pi\u0105tek wieczorem \u00a0\u00a0\u00a0\u00a0\u00a0powierzamy wierz\u0105cym rodzinom z ul. \u00a0Wysockiego 4.<\/strong><\/li>\n\n\n\n<li><strong><u>W najnowszym numerze \u201eGo\u015bcia Niedzielnego<\/u>\u201d znajdziemy scenariusz wieczerzy wigilijnej&nbsp;i wiele ciekawych artyku\u0142\u00f3w o \u015bwi\u0119towaniu Tajemnicy Wcielenia. Jest tak\u017ce do nabycia Ma\u0142y Go\u015b\u0107 Niedzielny . &nbsp;<\/strong><\/li>\n\n\n\n<li><strong>W ostatnim tygodniu odprowadzili\u015bmy na&nbsp;<u>miejsce wiecznego spoczynku<\/u>&nbsp;\u015b.p. Jerzego Mastalerza z ul. Wysockiego i \u015b.p. Krzysztofa Cie\u015bl\u0119 z ul. Wysockiego . Zmar\u0142ego&nbsp; polecamy modlitwie parafian.&nbsp;&nbsp;<\/strong><\/li>\n<\/ol>\n\n\n\n<p><\/p>\n","protected":false},"excerpt":{"rendered":"<p>Og\u0142oszenia, 18.12.2022 r.<\/p>\n","protected":false},"author":1,"featured_media":0,"parent":0,"menu_order":0,"comment_status":"closed","ping_status":"closed","template":"","meta":{"_et_pb_use_builder":"","_et_pb_old_content":"","_et_gb_content_width":"","footnotes":""},"class_list":["post-17","page","type-page","status-publish","hentry"],"_links":{"self":[{"href":"http:\/\/mbnp-starachowice.dkonto.pl\/index.php\/wp-json\/wp\/v2\/pages\/17","targetHints":{"allow":["GET"]}}],"collection":[{"href":"http:\/\/mbnp-starachowice.dkonto.pl\/index.php\/wp-json\/wp\/v2\/pages"}],"about":[{"href":"http:\/\/mbnp-starachowice.dkonto.pl\/index.php\/wp-json\/wp\/v2\/types\/page"}],"author":[{"embeddable":true,"href":"http:\/\/mbnp-starachowice.dkonto.pl\/index.php\/wp-json\/wp\/v2\/users\/1"}],"replies":[{"embeddable":true,"href":"http:\/\/mbnp-starachowice.dkonto.pl\/index.php\/wp-json\/wp\/v2\/comments?post=17"}],"version-history":[{"count":4,"href":"http:\/\/mbnp-starachowice.dkonto.pl\/index.php\/wp-json\/wp\/v2\/pages\/17\/revisions"}],"predecessor-version":[{"id":164,"href":"http:\/\/mbnp-starachowice.dkonto.pl\/index.php\/wp-json\/wp\/v2\/pages\/17\/revisions\/164"}],"wp:attachment":[{"href":"http:\/\/mbnp-starachowice.dkonto.pl\/index.php\/wp-json\/wp\/v2\/media?parent=17"}],"curies":[{"name":"wp","href":"https:\/\/api.w.org\/{rel}","templated":true}]}}