{"id":160,"date":"2022-12-24T09:55:51","date_gmt":"2022-12-24T08:55:51","guid":{"rendered":"https:\/\/mbnp-starachowice.dkonto.pl\/?page_id=160"},"modified":"2022-12-24T09:55:52","modified_gmt":"2022-12-24T08:55:52","slug":"intencje-mszalne","status":"publish","type":"page","link":"http:\/\/mbnp-starachowice.dkonto.pl\/index.php\/intencje-mszalne\/","title":{"rendered":"Intencje mszalne"},"content":{"rendered":"\n<p><strong>INTENCJE MSZY \u015aW. 18\/12\/2022 &#8211; 24\/12\/2022<\/strong><\/p>\n\n\n\n<p>Niedziela&nbsp;18\/12\/2022&nbsp;IV Niedziela Adwentu<\/p>\n\n\n\n<p>\u015bw. Auksencjusza, biskupa; \u015bw. m\u0119czennik\u00f3w Paw\u0142a Mi, Piotra Doung-Lac i Piotra Truat<\/p>\n\n\n\n<figure class=\"wp-block-table\"><table><tbody><tr><td>8:00<\/td><td>1) + Bogus\u0142awa Ga\u0142ka zm. z rodz. 2) + Halin\u0119 Ga\u0142ek &#8211; od rodz. Kowalik\u00f3w z D\u0105browy G\u00f3rniczej<\/td><\/tr><tr><td>10:00<\/td><td>+ Karola Sikorskiego<\/td><\/tr><tr><td>11:15<\/td><td>zm. z rodz. Gaw\u0119ckich i Parobc\u00f3w<\/td><\/tr><tr><td>12:30<\/td><td>+ Zofi\u0119 Dudek<\/td><\/tr><tr><td>18:00<\/td><td>+ Halin\u0119 Ga\u0142ek<\/td><\/tr><\/tbody><\/table><\/figure>\n\n\n\n<p>Poniedzia\u0142ek&nbsp;19\/12\/2022&nbsp;<\/p>\n\n\n\n<p>\u015bw. Anastazego I, papie\u017ca; b\u0142. Urbana V, papie\u017ca<\/p>\n\n\n\n<figure class=\"wp-block-table\"><table><tbody><tr><td>6:15<\/td><td>+ Halin\u0119 Ga\u0142ek<\/td><\/tr><tr><td>17:00<\/td><td>1) + Stefana Goryckiego 2) + Piotra Surm\u0119<\/td><\/tr><tr><td>18:00<\/td><td>1) + Janin\u0119 Gajewsk\u01052) + Janin\u0119 Cukiersk\u0105<\/td><\/tr><\/tbody><\/table><\/figure>\n\n\n\n<p>Wtorek&nbsp;20\/12\/2022&nbsp;<\/p>\n\n\n\n<p>\u015bw. Makarego i Eugeniusza, kap\u0142an\u00f3w; \u015bw. Dominika z Silos, opata<\/p>\n\n\n\n<figure class=\"wp-block-table\"><table><tbody><tr><td>6:15<\/td><td>1) + Gra\u017cyn\u0119 Walatek 2) + Ann\u0119 Kowalsk\u0105<\/td><\/tr><tr><td>17:00<\/td><td>1) + Janin\u0119 Gajewsk\u0105 2) + Janin\u0119 Cukiersk\u0105<\/td><\/tr><tr><td>18:00<\/td><td>1) + Stefana Goryckiego 2) + Gra\u017cyn\u0119 Sochaj<\/td><\/tr><\/tbody><\/table><\/figure>\n\n\n\n<p>\u015aroda&nbsp;21\/12\/2022&nbsp;<\/p>\n\n\n\n<p>\u015bw. Piotra Kanizjusza, kap\u0142ana i doktora Ko\u015bcio\u0142a; b\u0142. Piotra Friedhofen, zakonnika<\/p>\n\n\n\n<figure class=\"wp-block-table\"><table><tbody><tr><td>6:15<\/td><td>+ O. Jana G\u00f3r\u0119<\/td><\/tr><tr><td>17:00<\/td><td>1) + Lucjana Regin\u0119 Luci\u0144skich 2) + Stefana Goryckiego<\/td><\/tr><tr><td>18:00<\/td><td>+ Halin\u0119 Ga\u0142ek<br>+ Wac\u0142aw\u0119 Niewczas<br>+ Janin\u0119 Gajewsk\u0105<br>+ Bo\u017cen\u0119 Radowieck\u0105<br>+ Paw\u0142a Pop\u0142awskiego<br>+ Tomasza Podg\u00f3rskiego<br>+ Karola Sikorskiego<br>+ Danut\u0119 Bachowsk\u0105<br>+ Gra\u017cyn\u0119 Walatek<br>+ J\u00f3zefa Staryczenkow<br>+ Bogus\u0142awa Turka<\/td><\/tr><\/tbody><\/table><\/figure>\n\n\n\n<p>Czwartek&nbsp;22\/12\/2022&nbsp;<\/p>\n\n\n\n<p>\u015bw. Franciszki Ksawery Cabrini, dziewicy i zakonnicy<\/p>\n\n\n\n<figure class=\"wp-block-table\"><table><tbody><tr><td>6:15<\/td><td>+ Jana Kalisza, Zofi\u0119, Aleksandra G\u0142owacz\u00f3w Halin\u0119 Franczyk<\/td><\/tr><tr><td>17:00<\/td><td>1) + Boles\u0142awa Rad\u0142o 2) + Janin\u0119 Cukiersk\u0105<\/td><\/tr><tr><td>18:00<\/td><td>za kap\u0142an\u00f3w kt\u00f3rzy porzucili drog\u0119 kap\u0142a\u0144sk\u0105 o mi\u0142osierdzie<br>za Karolin\u0119 Smyk w 30 rocz. urodzin i o zgod\u0119 w ma\u0142\u017ce\u0144stwie<br>+ Henryk\u0119 Krawczyk<br>+ Henryk\u0119 Ziewiec<br>+ Magdalen\u0119 Kot<br>+ Gra\u017cyn\u0119 Sochaj<br>+ Bogdana Gaw\u0119ckiego w kolejn\u0105 rocznic\u0119 \u015bm.<\/td><\/tr><\/tbody><\/table><\/figure>\n\n\n\n<p>Pi\u0105tek&nbsp;23\/12\/2022&nbsp;<\/p>\n\n\n\n<p>\u015bw. Serwulusa; \u015bw. Marii Ma\u0142gorzaty d&#8217;Youville<\/p>\n\n\n\n<figure class=\"wp-block-table\"><table><tbody><tr><td>6:15<\/td><td>+ Stanis\u0142awa Dobruckiego w 6 rocz. \u015bm<\/td><\/tr><tr><td>17:00<\/td><td>1) + Halin\u0119 Ga\u0142ek 2) + Janin\u0119 Cukiersk\u0105<\/td><\/tr><tr><td>18:00<\/td><td>1) + Bo\u017cen\u0119 Radowieck\u0105 2) + Stefana Goryckiego<\/td><\/tr><\/tbody><\/table><\/figure>\n\n\n\n<p>Sobota&nbsp;24\/12\/2022&nbsp;<\/p>\n\n\n\n<p>Adama i Ewy; Wigilia Bo\u017cego Narodzenia<\/p>\n\n\n\n<figure class=\"wp-block-table\"><table><tbody><tr><td>6:15<\/td><td>1) O Bo\u017ce b\u0142og. dla Ewy w dniu Imienin 2) + Adama Michalin\u0119 Kaczmarskich<\/td><\/tr><tr><td>21:00<\/td><td><\/td><\/tr><tr><td>24:00<\/td><td>za parafian<\/td><\/tr><\/tbody><\/table><\/figure>\n","protected":false},"excerpt":{"rendered":"<p>INTENCJE MSZY \u015aW. 18\/12\/2022 &#8211; 24\/12\/2022 Niedziela&nbsp;18\/12\/2022&nbsp;IV Niedziela Adwentu \u015bw. Auksencjusza, biskupa; \u015bw. m\u0119czennik\u00f3w Paw\u0142a Mi, Piotra Doung-Lac i Piotra Truat 8:00 1) + Bogus\u0142awa Ga\u0142ka zm. z rodz. 2) + Halin\u0119 Ga\u0142ek &#8211; od rodz. Kowalik\u00f3w z D\u0105browy G\u00f3rniczej 10:00 + Karola Sikorskiego 11:15 zm. z rodz. Gaw\u0119ckich i Parobc\u00f3w 12:30 + Zofi\u0119 Dudek [&hellip;]<\/p>\n","protected":false},"author":1,"featured_media":0,"parent":0,"menu_order":0,"comment_status":"closed","ping_status":"closed","template":"","meta":{"_et_pb_use_builder":"off","_et_pb_old_content":"","_et_gb_content_width":"","footnotes":""},"class_list":["post-160","page","type-page","status-publish","hentry"],"_links":{"self":[{"href":"http:\/\/mbnp-starachowice.dkonto.pl\/index.php\/wp-json\/wp\/v2\/pages\/160","targetHints":{"allow":["GET"]}}],"collection":[{"href":"http:\/\/mbnp-starachowice.dkonto.pl\/index.php\/wp-json\/wp\/v2\/pages"}],"about":[{"href":"http:\/\/mbnp-starachowice.dkonto.pl\/index.php\/wp-json\/wp\/v2\/types\/page"}],"author":[{"embeddable":true,"href":"http:\/\/mbnp-starachowice.dkonto.pl\/index.php\/wp-json\/wp\/v2\/users\/1"}],"replies":[{"embeddable":true,"href":"http:\/\/mbnp-starachowice.dkonto.pl\/index.php\/wp-json\/wp\/v2\/comments?post=160"}],"version-history":[{"count":1,"href":"http:\/\/mbnp-starachowice.dkonto.pl\/index.php\/wp-json\/wp\/v2\/pages\/160\/revisions"}],"predecessor-version":[{"id":161,"href":"http:\/\/mbnp-starachowice.dkonto.pl\/index.php\/wp-json\/wp\/v2\/pages\/160\/revisions\/161"}],"wp:attachment":[{"href":"http:\/\/mbnp-starachowice.dkonto.pl\/index.php\/wp-json\/wp\/v2\/media?parent=160"}],"curies":[{"name":"wp","href":"https:\/\/api.w.org\/{rel}","templated":true}]}}