{"id":16,"date":"2022-07-16T19:36:10","date_gmt":"2022-07-16T17:36:10","guid":{"rendered":"http:\/\/mbnp-starachowice.dkonto.pl\/?page_id=16"},"modified":"2022-12-25T14:10:21","modified_gmt":"2022-12-25T13:10:21","slug":"ofiara","status":"publish","type":"page","link":"http:\/\/mbnp-starachowice.dkonto.pl\/index.php\/ofiara\/","title":{"rendered":"Ofiara"},"content":{"rendered":"\n<p>Nr konta bankowego Parafii:<br>08 1050 1432 1000 0005 0479 6079<\/p>\n\n\n\n<p>Dane do przelewu:<br>Parafia Rzymskokatolicka p.w. MB Nieustaj\u0105cej Pomocy<br>ul. Pastwiska 21<br>27-200 Starachowice<\/p>\n\n\n\n<p>Tytu\u0142:<br>Ofiara na cele kultu religijnego<\/p>\n\n\n\n<p><\/p>\n\n\n\n<p><strong>Z\u0142\u00f3\u017c ofiar\u0119 korzystaj\u0105c z systemu szybkich przelew\u00f3w Przelewy24:<\/strong><\/p>\n\n\n\n<p><a href=\"https:\/\/sklep.przelewy24.pl\/zakup.php?z24_id_sprzedawcy=128819&amp;z24_kwota=1000&amp;z24_crc=8bd280933e4444c5&amp;z24_nazwa=Ofiara+na+potrzeby+parafii&amp;z24_return_url=http%3A%2F%parafia.starachowice.pl\">Ofiara w wysoko\u015bci 10 z\u0142<\/a><\/p>\n\n\n\n<p><a href=\"https:\/\/sklep.przelewy24.pl\/zakup.php?z24_id_sprzedawcy=128819&amp;z24_kwota=3000&amp;z24_crc=8bd280933e4444c5&amp;z24_nazwa=Ofiara+na+potrzeby+parafii&amp;z24_return_url=http%3A%2F%parafia.starachowice.pl\">Ofiara w wysoko\u015bci 30 z\u0142<\/a><\/p>\n\n\n\n<p><a href=\"https:\/\/sklep.przelewy24.pl\/zakup.php?z24_id_sprzedawcy=128819&amp;z24_kwota=5000&amp;z24_crc=8bd280933e4444c5&amp;z24_nazwa=Ofiara+na+potrzeby+parafii&amp;z24_return_url=http%3A%2F%parafia.starachowice.pl\">Ofiara w wysoko\u015bci 50 z\u0142<\/a><\/p>\n\n\n\n<p><a href=\"https:\/\/sklep.przelewy24.pl\/zakup.php?z24_id_sprzedawcy=128819&amp;z24_kwota=10000&amp;z24_crc=8bd280933e4444c5&amp;z24_nazwa=Ofiara+na+potrzeby+parafii&amp;z24_return_url=http%3A%2F%parafia.starachowice.pl\">Ofiara w wysoko\u015bci 100 z\u0142<\/a><\/p>\n\n\n\n<p><a href=\"https:\/\/sklep.przelewy24.pl\/zakup.php?z24_id_sprzedawcy=128819&amp;z24_kwota=500&amp;z24_crc=8bd280933e4444c5&amp;z24_nazwa=Ofiara+na+potrzeby+parafii&amp;z24_return_url=http%3A%2F%parafia.starachowice.pl\">Ofiara w <\/a><a href=\"https:\/\/sklep.przelewy24.pl\/zakup.php?z24_id_sprzedawcy=128819&amp;z24_kwota=50000&amp;z24_crc=8bd280933e4444c5&amp;z24_nazwa=Ofiara+na+potrzeby+parafii&amp;z24_return_url=http%3A%2F%parafia.starachowice.pl\">wysoko\u015bci <\/a><a href=\"https:\/\/sklep.przelewy24.pl\/zakup.php?z24_id_sprzedawcy=128819&amp;z24_kwota=500&amp;z24_crc=8bd280933e4444c5&amp;z24_nazwa=Ofiara+na+potrzeby+parafii&amp;z24_return_url=http%3A%2F%parafia.starachowice.pl\">500 z\u0142<\/a><\/p>\n","protected":false},"excerpt":{"rendered":"<p>Nr konta bankowego Parafii:08 1050 1432 1000 0005 0479 6079 Dane do przelewu:Parafia Rzymskokatolicka p.w. MB Nieustaj\u0105cej Pomocyul. Pastwiska 2127-200 Starachowice Tytu\u0142:Ofiara na cele kultu religijnego Z\u0142\u00f3\u017c ofiar\u0119 korzystaj\u0105c z systemu szybkich przelew\u00f3w Przelewy24: Ofiara w wysoko\u015bci 10 z\u0142 Ofiara w wysoko\u015bci 30 z\u0142 Ofiara w wysoko\u015bci 50 z\u0142 Ofiara w wysoko\u015bci 100 z\u0142 Ofiara [&hellip;]<\/p>\n","protected":false},"author":1,"featured_media":0,"parent":0,"menu_order":0,"comment_status":"closed","ping_status":"closed","template":"","meta":{"_et_pb_use_builder":"","_et_pb_old_content":"","_et_gb_content_width":"","footnotes":""},"class_list":["post-16","page","type-page","status-publish","hentry"],"_links":{"self":[{"href":"http:\/\/mbnp-starachowice.dkonto.pl\/index.php\/wp-json\/wp\/v2\/pages\/16","targetHints":{"allow":["GET"]}}],"collection":[{"href":"http:\/\/mbnp-starachowice.dkonto.pl\/index.php\/wp-json\/wp\/v2\/pages"}],"about":[{"href":"http:\/\/mbnp-starachowice.dkonto.pl\/index.php\/wp-json\/wp\/v2\/types\/page"}],"author":[{"embeddable":true,"href":"http:\/\/mbnp-starachowice.dkonto.pl\/index.php\/wp-json\/wp\/v2\/users\/1"}],"replies":[{"embeddable":true,"href":"http:\/\/mbnp-starachowice.dkonto.pl\/index.php\/wp-json\/wp\/v2\/comments?post=16"}],"version-history":[{"count":5,"href":"http:\/\/mbnp-starachowice.dkonto.pl\/index.php\/wp-json\/wp\/v2\/pages\/16\/revisions"}],"predecessor-version":[{"id":229,"href":"http:\/\/mbnp-starachowice.dkonto.pl\/index.php\/wp-json\/wp\/v2\/pages\/16\/revisions\/229"}],"wp:attachment":[{"href":"http:\/\/mbnp-starachowice.dkonto.pl\/index.php\/wp-json\/wp\/v2\/media?parent=16"}],"curies":[{"name":"wp","href":"https:\/\/api.w.org\/{rel}","templated":true}]}}