{"id":155,"date":"2022-12-24T09:51:07","date_gmt":"2022-12-24T08:51:07","guid":{"rendered":"https:\/\/mbnp-starachowice.dkonto.pl\/?page_id=155"},"modified":"2022-12-24T09:53:44","modified_gmt":"2022-12-24T08:53:44","slug":"rodzina-rozancowa","status":"publish","type":"page","link":"http:\/\/mbnp-starachowice.dkonto.pl\/index.php\/rodzina-rozancowa\/","title":{"rendered":"Rodzina R\u00f3\u017ca\u0144cowa"},"content":{"rendered":"\n<figure class=\"wp-block-image size-full\"><img loading=\"lazy\" decoding=\"async\" width=\"1024\" height=\"341\" src=\"https:\/\/mbnp-starachowice.dkonto.pl\/wp-content\/uploads\/2022\/12\/image.png\" alt=\"\" class=\"wp-image-156\" srcset=\"https:\/\/mbnp-starachowice.dkonto.pl\/wp-content\/uploads\/2022\/12\/image.png 1024w, https:\/\/mbnp-starachowice.dkonto.pl\/wp-content\/uploads\/2022\/12\/image-980x326.png 980w, https:\/\/mbnp-starachowice.dkonto.pl\/wp-content\/uploads\/2022\/12\/image-480x160.png 480w\" sizes=\"auto, (min-width: 0px) and (max-width: 480px) 480px, (min-width: 481px) and (max-width: 980px) 980px, (min-width: 981px) 1024px, 100vw\" \/><\/figure>\n\n\n\n<p><strong>\u201e\u017bywy R\u00f3\u017caniec\u201d<\/strong>&nbsp;jest wsp\u00f3lnot\u0105 os\u00f3b, kt\u00f3re w duchu odpowiedzialno\u015bci za Ko\u015bci\u00f3\u0142 i \u015bwiat i w wielkiej prostocie otaczaj\u0105 modlitewn\u0105 opiek\u0105 tych, kt\u00f3rzy najbardziej jej potrzebuj\u0105 i s\u0105 wskazani zw\u0142aszcza w Papieskich Intencjach Apostolstwa Modlitwy. Modlitwa r\u00f3\u017ca\u0144cowa, powszechnie znana i wielokrotnie polecana przez papie\u017cy, zyska\u0142a popularno\u015b\u0107 dzi\u0119ki wsp\u00f3lnotowej formie modlitwy, zainicjowanej przez s\u0142ug\u0119 Bo\u017c\u0105 Paulin\u0119 Jaricot w Lyonie w 1826 r. Za\u0142o\u017cone przez ni\u0105 Stowarzyszenie \u017bywego R\u00f3\u017ca\u0144ca zatwierdzi\u0142 papie\u017c Grzegorz XVI konstytucj\u0105 Benedicentes Domino w 1832 r. W Polsce praktyka \u017bywego R\u00f3\u017ca\u0144ca sta\u0142a si\u0119 znana ju\u017c pod koniec XIX wieku. Niniejszy statut ma s\u0142u\u017cy\u0107 osobom zjednoczonym we wsp\u00f3lnym odmawianiu r\u00f3\u017ca\u0144ca, by odkrywaj\u0105c g\u0142\u0119bi\u0119 tej modlitwy i si\u0119gaj\u0105c do korzeni tej w\u0142a\u015bnie formy jej praktykowania, zyskiwali, za zach\u0119t\u0105 \u015bw. Jana Paw\u0142a II, \u201esposobno\u015b\u0107 duchow\u0105 i pedagogiczn\u0105 do osobistej kontemplacji, formacji Ludu Bo\u017cego i nowej ewangelizacji\u201d (RVM 3). Stowarzyszenie to nosi nazw\u0119 \u201eR\u00f3\u017ca\u0144ca\u201d, gdy\u017c jego cz\u0142onkowie, podzieleni na grupy po dwadzie\u015bcia os\u00f3b, odmawiaj\u0105 go codziennie, ka\u017cdy jedn\u0105 dziesi\u0105tk\u0119, a tak\u017ce dlatego, \u017ce ka\u017cda grupa sk\u0142ada si\u0119 z tylu os\u00f3b, ile jest tajemnic w r\u00f3\u017ca\u0144cu. Stowarzyszenie nazywa si\u0119 \u201e\u017bywym\u201d, gdy\u017c liczba os\u00f3b, kt\u00f3re si\u0119 na\u0144 sk\u0142adaj\u0105, niejako wprawia je w dzia\u0142anie poprzez ci\u0105g\u0142e recytowanie modlitw, kt\u00f3re czerpi\u0105 sw\u0105 skuteczno\u015b\u0107 z rozwa\u017cania tajemnic Jezusa i Maryi, czy to w celu nawr\u00f3cenia grzesznik\u00f3w, czy doskonalenia sprawiedliwych. Zwie si\u0119 je \u201e\u017bywym\u201d, gdy\u017c ci, kt\u00f3rzy go tworz\u0105, s\u0105 zast\u0119powani przez kolejnych, gdy ci umieraj\u0105, b\u0105d\u017a gdy ze\u0144 odchodz\u0105.<\/p>\n\n\n\n<p><\/p>\n\n\n\n<p>Prezes Zelatorka \u2013 p. Anna \u015awirta<\/p>\n\n\n\n<p>Zast\u0119pca prezesa \u2013 p. Miros\u0142awa Sepi\u00f3\u0142<\/p>\n\n\n\n<p>Sekretarz rady zelator\u00f3w \u2013 p. Stanis\u0142awa K\u0142os<\/p>\n\n\n\n<p>Opiekun duchowy \u2013 ks. Karol Kostecki<\/p>\n\n\n\n<p><\/p>\n\n\n\n<p><strong>Ko\u0142a \u017bywego R\u00f3\u017ca\u0144ca parafii Matki Bo\u017cej Nieustaj\u0105cej Pomocy:<\/strong><\/p>\n\n\n\n<p><\/p>\n\n\n\n<figure class=\"wp-block-table\"><table><tbody><tr><td><strong>Ko\u0142o p.w.<\/strong><br><strong>MB Nieustaj\u0105cej Pomocy<\/strong><\/td><td><strong>zelatorka \u2013 Maria Lisowska;<\/strong>&nbsp;<\/td><\/tr><tr><td><strong>Ko\u0142o p.w.<\/strong><br><strong>MB Niepokalanie Pocz\u0119tej<\/strong><\/td><td><strong>zelatorka \u2013 &nbsp;Miros\u0142awa Sepi\u00f3\u0142<\/strong>&nbsp;<\/td><\/tr><tr><td><strong>Ko\u0142o p.w.<\/strong><br><strong>MB Cz\u0119stochowskiej<\/strong><\/td><td><strong>zelatorka \u2013 Janina Pytel;<\/strong><strong>zast\u0119pca \u2013 Anna \u015aniegucka<\/strong><\/td><\/tr><tr><td><strong>Ko\u0142o p.w. MB Fatimskiej<\/strong><\/td><td><strong>zelatorka \u2013 &nbsp;Anna Marczak,<\/strong><strong>zast\u0119pca \u2013Maria Nosowicz<\/strong><\/td><\/tr><tr><td><strong>Ko\u0142o p.w. \u015bw. Anny<\/strong><\/td><td><strong>zelatorka \u2013 Anna Jedlikowska;<\/strong><strong>zast\u0119pca \u2013 Stanis\u0142awa K\u0142os<\/strong><\/td><\/tr><tr><td><strong>Ko\u0142o p.w. \u015bw. Antoniego<\/strong><\/td><td><strong>zelatorka \u2013 Teresa Osowska<\/strong>&nbsp;<\/td><\/tr><tr><td><strong>Ko\u0142o p.w. \u015bw. Barbary<\/strong><\/td><td><strong>zelatorka \u2013 Maria \u015aliwa;&nbsp;<\/strong><strong>zast\u0119pca \u2013 Irena Kie\u0142basa<\/strong><\/td><\/tr><tr><td><strong>Ko\u0142o p.w. \u015bw. El\u017cbiety<\/strong><\/td><td><strong>zelatorka Julia O\u0142owiak;<\/strong><strong>zast\u0119pca \u2013 Maria Go\u0142da<\/strong><\/td><\/tr><tr><td><strong>Ko\u0142o p.w. \u015bw. s. Faustyny<\/strong><\/td><td><strong>zelatorka \u2013 Miros\u0142awa Wi\u0119ckiewicz;<\/strong><strong>zast\u0119pca \u2013 Anna \u015awirta<\/strong><\/td><\/tr><tr><td><strong>Ko\u0142o p.w. \u015bw. Franciszka<\/strong><\/td><td><strong>zelatorka \u2013 Ma\u0142gorzata Zapa\u0142a<\/strong>&nbsp;<\/td><\/tr><tr><td><strong>Ko\u0142o p.w. \u015bw. J\u00f3zefa<\/strong><\/td><td><strong>zelatorka \u2013 Jadwiga Uli\u0144ska;<\/strong><strong>zast\u0119pca \u2013 Krystyna Dobrucka<\/strong><\/td><\/tr><tr><td><strong>Ko\u0142o p.w. \u015bw. o. Maksymiliana<\/strong><\/td><td><strong>zelatorka \u2013 Lucyna Dria\u0144ska;<\/strong>&nbsp;<\/td><\/tr><tr><td><strong>Ko\u0142o p.w. \u015bw. o. Pio<\/strong><\/td><td><strong>zelatorka \u2013 Anna Druzic;<\/strong><strong>zast\u0119pca \u2013 Dorota Urban<\/strong><\/td><\/tr><tr><td><strong>Ko\u0142o m\u0119skie p.w.<\/strong><br><strong>\u015bw. Jana Paw\u0142a II<\/strong><\/td><td><strong>zelator \u2013 Wies\u0142aw Salwa<\/strong><\/td><\/tr><\/tbody><\/table><\/figure>\n","protected":false},"excerpt":{"rendered":"<p>\u201e\u017bywy R\u00f3\u017caniec\u201d&nbsp;jest wsp\u00f3lnot\u0105 os\u00f3b, kt\u00f3re w duchu odpowiedzialno\u015bci za Ko\u015bci\u00f3\u0142 i \u015bwiat i w wielkiej prostocie otaczaj\u0105 modlitewn\u0105 opiek\u0105 tych, kt\u00f3rzy najbardziej jej potrzebuj\u0105 i s\u0105 wskazani zw\u0142aszcza w Papieskich Intencjach Apostolstwa Modlitwy. Modlitwa r\u00f3\u017ca\u0144cowa, powszechnie znana i wielokrotnie polecana przez papie\u017cy, zyska\u0142a popularno\u015b\u0107 dzi\u0119ki wsp\u00f3lnotowej formie modlitwy, zainicjowanej przez s\u0142ug\u0119 Bo\u017c\u0105 Paulin\u0119 Jaricot w [&hellip;]<\/p>\n","protected":false},"author":1,"featured_media":0,"parent":0,"menu_order":0,"comment_status":"closed","ping_status":"closed","template":"","meta":{"_et_pb_use_builder":"off","_et_pb_old_content":"","_et_gb_content_width":"","footnotes":""},"class_list":["post-155","page","type-page","status-publish","hentry"],"_links":{"self":[{"href":"http:\/\/mbnp-starachowice.dkonto.pl\/index.php\/wp-json\/wp\/v2\/pages\/155","targetHints":{"allow":["GET"]}}],"collection":[{"href":"http:\/\/mbnp-starachowice.dkonto.pl\/index.php\/wp-json\/wp\/v2\/pages"}],"about":[{"href":"http:\/\/mbnp-starachowice.dkonto.pl\/index.php\/wp-json\/wp\/v2\/types\/page"}],"author":[{"embeddable":true,"href":"http:\/\/mbnp-starachowice.dkonto.pl\/index.php\/wp-json\/wp\/v2\/users\/1"}],"replies":[{"embeddable":true,"href":"http:\/\/mbnp-starachowice.dkonto.pl\/index.php\/wp-json\/wp\/v2\/comments?post=155"}],"version-history":[{"count":2,"href":"http:\/\/mbnp-starachowice.dkonto.pl\/index.php\/wp-json\/wp\/v2\/pages\/155\/revisions"}],"predecessor-version":[{"id":159,"href":"http:\/\/mbnp-starachowice.dkonto.pl\/index.php\/wp-json\/wp\/v2\/pages\/155\/revisions\/159"}],"wp:attachment":[{"href":"http:\/\/mbnp-starachowice.dkonto.pl\/index.php\/wp-json\/wp\/v2\/media?parent=155"}],"curies":[{"name":"wp","href":"https:\/\/api.w.org\/{rel}","templated":true}]}}