{"id":152,"date":"2022-12-24T09:43:08","date_gmt":"2022-12-24T08:43:08","guid":{"rendered":"https:\/\/mbnp-starachowice.dkonto.pl\/?page_id=152"},"modified":"2022-12-24T09:43:09","modified_gmt":"2022-12-24T08:43:09","slug":"pomoc","status":"publish","type":"page","link":"http:\/\/mbnp-starachowice.dkonto.pl\/index.php\/pomoc\/","title":{"rendered":"Pomoc"},"content":{"rendered":"\n<p><strong>PORADNIA RODZINNA<br><\/strong>spotkania w ka\u017cdy czwartek<br>17:00 \u2013 18:00<\/p>\n\n\n\n<p><strong>PARAFIALNA CARITAS<\/strong><br>poniedzia\u0142ek od godz. 16:00<\/p>\n\n\n\n<p><strong>WSP\u00d3LNOTA AA PROMYK<\/strong><br>czwartek o godz. 17:00;<br>sala spotka\u0144 z ty\u0142u ko\u015bcio\u0142a.<\/p>\n","protected":false},"excerpt":{"rendered":"<p>PORADNIA RODZINNAspotkania w ka\u017cdy czwartek17:00 \u2013 18:00 PARAFIALNA CARITASponiedzia\u0142ek od godz. 16:00 WSP\u00d3LNOTA AA PROMYKczwartek o godz. 17:00;sala spotka\u0144 z ty\u0142u ko\u015bcio\u0142a.<\/p>\n","protected":false},"author":1,"featured_media":0,"parent":0,"menu_order":0,"comment_status":"closed","ping_status":"closed","template":"","meta":{"_et_pb_use_builder":"off","_et_pb_old_content":"","_et_gb_content_width":"","footnotes":""},"class_list":["post-152","page","type-page","status-publish","hentry"],"_links":{"self":[{"href":"http:\/\/mbnp-starachowice.dkonto.pl\/index.php\/wp-json\/wp\/v2\/pages\/152","targetHints":{"allow":["GET"]}}],"collection":[{"href":"http:\/\/mbnp-starachowice.dkonto.pl\/index.php\/wp-json\/wp\/v2\/pages"}],"about":[{"href":"http:\/\/mbnp-starachowice.dkonto.pl\/index.php\/wp-json\/wp\/v2\/types\/page"}],"author":[{"embeddable":true,"href":"http:\/\/mbnp-starachowice.dkonto.pl\/index.php\/wp-json\/wp\/v2\/users\/1"}],"replies":[{"embeddable":true,"href":"http:\/\/mbnp-starachowice.dkonto.pl\/index.php\/wp-json\/wp\/v2\/comments?post=152"}],"version-history":[{"count":1,"href":"http:\/\/mbnp-starachowice.dkonto.pl\/index.php\/wp-json\/wp\/v2\/pages\/152\/revisions"}],"predecessor-version":[{"id":153,"href":"http:\/\/mbnp-starachowice.dkonto.pl\/index.php\/wp-json\/wp\/v2\/pages\/152\/revisions\/153"}],"wp:attachment":[{"href":"http:\/\/mbnp-starachowice.dkonto.pl\/index.php\/wp-json\/wp\/v2\/media?parent=152"}],"curies":[{"name":"wp","href":"https:\/\/api.w.org\/{rel}","templated":true}]}}