{"id":15,"date":"2022-07-16T19:36:10","date_gmt":"2022-07-16T17:36:10","guid":{"rendered":"http:\/\/mbnp-starachowice.dkonto.pl\/?page_id=15"},"modified":"2022-12-24T10:29:13","modified_gmt":"2022-12-24T09:29:13","slug":"rada-parafialna","status":"publish","type":"page","link":"http:\/\/mbnp-starachowice.dkonto.pl\/index.php\/rada-parafialna\/","title":{"rendered":"Rada Parafialna"},"content":{"rendered":"\n<p>Parafialna rada duszpasterska (<em>concilium pastorale<\/em>) jest organem doradczym w parafii, kt\u00f3ra ma na celu pomoc proboszczowi we wszystkich sprawach duszpasterstwa parafialnego w powi\u0105zaniu z \u017cyciem Ko\u015bcio\u0142a powszechnego. Przed obj\u0119ciem funkcji cz\u0142onkowie Rady z\u0142o\u017cyli nast\u0119puj\u0105ce przyrzeczenie:&nbsp;<em>\u201eJa N.N. przyrzekam Bogu Wszechmog\u0105cemu w Tr\u00f3jcy \u015awi\u0119tej Jedynemu, \u017ce powierzon\u0105 mi funkcj\u0119 cz\u0142onka Rady Parafialnej b\u0119d\u0119 wype\u0142nia\u0142 sumiennie i rzetelnie oraz zgodnie z przepisami prawa. Tak mi dopom\u00f3\u017c B\u00f3g oraz \u015awi\u0119ta Ewangelia, kt\u00f3r\u0105 dotykam swoj\u0105 r\u0119k\u0105\u201d.&nbsp;<\/em>Do zada\u0144 Rady nale\u017cy budzenie postaw apostolskich w\u015br\u00f3d parafian, wspomaganie duchowie\u0144stwa w pracy duszpasterskiej, wyra\u017canie opinii i wysuwanie propozycji dotycz\u0105cych doskonalenia duszpasterstwa parafialnego w oparciu o program duszpasterski diecezji radomskiej, wspomaganie proboszcza w zarz\u0105dzaniu dobrami gospodarczo-materialnymi parafii. W naszej parafii Rada Parafialna istnieje od pocz\u0105tku jej istnienia. Pocz\u0105tkowa Rada Parafialna nazwana by\u0142a Komitetem Budowy Ko\u015bcio\u0142a. &nbsp;Po konsekracji ko\u015bcio\u0142a pierwszy Proboszcz Parafii, Ks. Infu\u0142at Stanis\u0142aw Pindera powo\u0142a\u0142 do istnienia Rad\u0119 Parafialn\u0105. Zawsze w sk\u0142ad Rady Parafialnej wchodz\u0105: proboszcz, wikariusze, sekretarz rady Helena Prokop oraz organista Krzysztof Zajchowski. Przewodnicz\u0105cego Rady wybieraj\u0105 cz\u0142onkowie Rady powo\u0142ani przez Proboszcza Parafii.&nbsp;<\/p>\n\n\n\n<p>I KADENCJA RADY PARAFIALNEJ \u2013 1991 \u2013 1995 (przewodnicz\u0105cy \u2013 Leszek Waksmundzki)<br>II KADENCJA RADY PARAFIALNEJ \u2013 1995 \u2013 1999 (przewodnicz\u0105cy \u2013 Leszek Waksmundzki)<br>III KADENCJA RADY PARAFIALNEJ \u2013 1999 \u2013 2003 (przewodnicz\u0105cy \u2013 Andrzej Rojek)<br>IV KADENCJA RADY PARAFIALNEJ \u2013 2003 \u2013 2008 (przewodnicz\u0105ca \u2013 Anna Babicka)<br>V KADENCJA RADY PARAFIALNEJ \u2013&nbsp;2008 \u2013 2012&nbsp;(przewodnicz\u0105ca \u2013 Anna Babicka)<br>VI KADENCJA RADY PARAFIALNEJ \u2013 2013 \u2013 2016 (przewodnicz\u0105cy \u2013 Ryszard Nosowicz)<\/p>\n\n\n\n<figure class=\"wp-block-image\"><img decoding=\"async\" src=\"http:\/\/parafia.starachowice.pl\/wp-content\/uploads\/2016\/11\/zakonczenie_rady-1024x768.jpg\" alt=\"\" class=\"wp-image-3084\"\/><\/figure>\n\n\n\n<p><br>VII KADENCJA RADY PARAFIALNEJ \u2013 2016 \u2013 2020 (przewodnicz\u0105cy \u2013 \u0141ukasz Hamera)<\/p>\n\n\n\n<figure class=\"wp-block-image\"><img decoding=\"async\" src=\"http:\/\/parafia.starachowice.pl\/wp-content\/uploads\/2016\/12\/rada1-1024x769.jpg\" alt=\"\" class=\"wp-image-3162\"\/><\/figure>\n\n\n\n<p><br>VIII KADENCJA RADY PARAFIALNEJ \u2013 2020 \u2013 2024 (przewodnicz\u0105cy \u2013 Rados\u0142aw Malinowski)<\/p>\n\n\n\n<figure class=\"wp-block-image\"><img decoding=\"async\" src=\"http:\/\/parafia.starachowice.pl\/wp-content\/uploads\/2021\/01\/E1536B6D-AAC8-40F8-BDE0-5FB9D6DE38DC-1024x768.jpeg\" alt=\"\" class=\"wp-image-9084\"\/><\/figure>\n\n\n\n<p>13 grudnia zosta\u0142a zwo\u0142ana przez Ks. Proboszcza Andrzeja Kani\u0119 kolejna kadencja Rady Parafialnej. Obecnie Radzie przewodniczy Ks. Proboszcz Andrzej Kania, sekretarzem Rady zosta\u0142a powo\u0142ana Zuzanna K\u0119dziora za\u015b skarbnikiem Gra\u017cyna Ronduda.&nbsp;<\/p>\n\n\n\n<p><strong>Rad\u0119 Parafialn\u0105 w latach 2020-2024 stanowi\u0107 b\u0119d\u0105<\/strong>:&nbsp;<\/p>\n\n\n\n<p>Ks. Proboszcz Andrzej Kania<br>Ks. Infu\u0142at Stanis\u0142aw Pindera (I Proboszcz Parafii)<br>Ks. Damian Spi\u017cewski<br>Ks. Karol Kostecki<br>Rados\u0142aw Malinowski (przewodnicz\u0105cy RPar.)<br>Helena Prokop (honorowy sekretarz Rady Parafialnej)<br>Zuzanna K\u0119dziora (sekretarz RPar.)<br>Krzysztof Zajchowski<br>Szczepan Mr\u00f3z<br>Bo\u017cena B\u0119tkowska<br>Lidia Mergalska<br>Marta Pawli\u0144ska \u2013 Wo\u017aniak<br>Ma\u0142gorzata Bachurska&nbsp;<br>Sylwia Babicka&nbsp;<br>Jaros\u0142aw Niewczas<br>\u0141ukasz Cie\u015bla<br>Ewelina Suchecka<br>El\u017cbieta Kisi\u0144ska<br>Joanna Tusi\u0144ska<br>Miros\u0142aw \u015aniegucki<br>Kamil Kuzia<br>Ma\u0142gorzata Zaczy\u0144ska<br>Iwona Nowacka<br>Anna \u015awirta<br>Jolanta Kubik<br>Anna Sionek<br>Gra\u017cyna Ronduda<br>Zbigniew Lipiec<br>Jaros\u0142aw Bujak<br>Zbigniew Zawisza<br>Leszek Kucharski<br>Sebastian Piwowarczyk<br>Krzysztof Zuba<br>Iga Hamera<\/p>\n","protected":false},"excerpt":{"rendered":"<p>Parafialna rada duszpasterska (concilium pastorale) jest organem doradczym w parafii, kt\u00f3ra ma na celu pomoc proboszczowi we wszystkich sprawach duszpasterstwa parafialnego w powi\u0105zaniu z \u017cyciem Ko\u015bcio\u0142a powszechnego. Przed obj\u0119ciem funkcji cz\u0142onkowie Rady z\u0142o\u017cyli nast\u0119puj\u0105ce przyrzeczenie:&nbsp;\u201eJa N.N. przyrzekam Bogu Wszechmog\u0105cemu w Tr\u00f3jcy \u015awi\u0119tej Jedynemu, \u017ce powierzon\u0105 mi funkcj\u0119 cz\u0142onka Rady Parafialnej b\u0119d\u0119 wype\u0142nia\u0142 sumiennie i rzetelnie [&hellip;]<\/p>\n","protected":false},"author":1,"featured_media":0,"parent":0,"menu_order":0,"comment_status":"closed","ping_status":"closed","template":"","meta":{"_et_pb_use_builder":"","_et_pb_old_content":"","_et_gb_content_width":"","footnotes":""},"class_list":["post-15","page","type-page","status-publish","hentry"],"_links":{"self":[{"href":"http:\/\/mbnp-starachowice.dkonto.pl\/index.php\/wp-json\/wp\/v2\/pages\/15","targetHints":{"allow":["GET"]}}],"collection":[{"href":"http:\/\/mbnp-starachowice.dkonto.pl\/index.php\/wp-json\/wp\/v2\/pages"}],"about":[{"href":"http:\/\/mbnp-starachowice.dkonto.pl\/index.php\/wp-json\/wp\/v2\/types\/page"}],"author":[{"embeddable":true,"href":"http:\/\/mbnp-starachowice.dkonto.pl\/index.php\/wp-json\/wp\/v2\/users\/1"}],"replies":[{"embeddable":true,"href":"http:\/\/mbnp-starachowice.dkonto.pl\/index.php\/wp-json\/wp\/v2\/comments?post=15"}],"version-history":[{"count":2,"href":"http:\/\/mbnp-starachowice.dkonto.pl\/index.php\/wp-json\/wp\/v2\/pages\/15\/revisions"}],"predecessor-version":[{"id":166,"href":"http:\/\/mbnp-starachowice.dkonto.pl\/index.php\/wp-json\/wp\/v2\/pages\/15\/revisions\/166"}],"wp:attachment":[{"href":"http:\/\/mbnp-starachowice.dkonto.pl\/index.php\/wp-json\/wp\/v2\/media?parent=15"}],"curies":[{"name":"wp","href":"https:\/\/api.w.org\/{rel}","templated":true}]}}