{"id":149,"date":"2022-12-24T09:34:35","date_gmt":"2022-12-24T08:34:35","guid":{"rendered":"https:\/\/mbnp-starachowice.dkonto.pl\/?page_id=149"},"modified":"2022-12-24T09:34:37","modified_gmt":"2022-12-24T08:34:37","slug":"spowiedz","status":"publish","type":"page","link":"http:\/\/mbnp-starachowice.dkonto.pl\/index.php\/spowiedz\/","title":{"rendered":"Spowied\u017a"},"content":{"rendered":"\n<p>W dni powszednie podczas Mszy \u015bwi\u0119tej o 17:00 i 18:00<\/p>\n\n\n\n<p><br>W dni powszednie po Mszy \u015bwi\u0119tej o godz. 7:00 na indywidualn\u0105 pro\u015bb\u0119 penitenta<\/p>\n\n\n\n<p><br>W niedziele podczas ka\u017cdej Mszy \u015bwi\u0119tej<\/p>\n\n\n\n<p><br>W ka\u017cdy I pi\u0105tek miesi\u0105ca<br>od 16:00 do 18:30 (wakacje od 17:00)<\/p>\n","protected":false},"excerpt":{"rendered":"<p>W dni powszednie podczas Mszy \u015bwi\u0119tej o 17:00 i 18:00 W dni powszednie po Mszy \u015bwi\u0119tej o godz. 7:00 na indywidualn\u0105 pro\u015bb\u0119 penitenta W niedziele podczas ka\u017cdej Mszy \u015bwi\u0119tej W ka\u017cdy I pi\u0105tek miesi\u0105caod 16:00 do 18:30 (wakacje od 17:00)<\/p>\n","protected":false},"author":1,"featured_media":0,"parent":0,"menu_order":0,"comment_status":"closed","ping_status":"closed","template":"","meta":{"_et_pb_use_builder":"off","_et_pb_old_content":"","_et_gb_content_width":"","footnotes":""},"class_list":["post-149","page","type-page","status-publish","hentry"],"_links":{"self":[{"href":"http:\/\/mbnp-starachowice.dkonto.pl\/index.php\/wp-json\/wp\/v2\/pages\/149","targetHints":{"allow":["GET"]}}],"collection":[{"href":"http:\/\/mbnp-starachowice.dkonto.pl\/index.php\/wp-json\/wp\/v2\/pages"}],"about":[{"href":"http:\/\/mbnp-starachowice.dkonto.pl\/index.php\/wp-json\/wp\/v2\/types\/page"}],"author":[{"embeddable":true,"href":"http:\/\/mbnp-starachowice.dkonto.pl\/index.php\/wp-json\/wp\/v2\/users\/1"}],"replies":[{"embeddable":true,"href":"http:\/\/mbnp-starachowice.dkonto.pl\/index.php\/wp-json\/wp\/v2\/comments?post=149"}],"version-history":[{"count":1,"href":"http:\/\/mbnp-starachowice.dkonto.pl\/index.php\/wp-json\/wp\/v2\/pages\/149\/revisions"}],"predecessor-version":[{"id":150,"href":"http:\/\/mbnp-starachowice.dkonto.pl\/index.php\/wp-json\/wp\/v2\/pages\/149\/revisions\/150"}],"wp:attachment":[{"href":"http:\/\/mbnp-starachowice.dkonto.pl\/index.php\/wp-json\/wp\/v2\/media?parent=149"}],"curies":[{"name":"wp","href":"https:\/\/api.w.org\/{rel}","templated":true}]}}