{"id":14,"date":"2022-07-16T19:36:10","date_gmt":"2022-07-16T17:36:10","guid":{"rendered":"http:\/\/mbnp-starachowice.dkonto.pl\/?page_id=14"},"modified":"2022-12-24T10:05:33","modified_gmt":"2022-12-24T09:05:33","slug":"katecheci","status":"publish","type":"page","link":"http:\/\/mbnp-starachowice.dkonto.pl\/index.php\/katecheci\/","title":{"rendered":"Katecheci"},"content":{"rendered":"\n<p><strong>Obecnie w parafii katechizuj\u0105:<\/strong><\/p>\n\n\n\n<ol class=\"wp-block-list\">\n<li><strong>Ks. Andrzej Kania<\/strong>&nbsp;\u2013 III LO im. K.K. Baczy\u0144skiego&nbsp;<\/li>\n\n\n\n<li><strong>Ks. Karol Kostecki<\/strong>&nbsp;\u2013 III LO im. K.K. Baczy\u0144skiego &nbsp; i SP nr 13 im. Kornela Makuszy\u0144skiego&nbsp;<\/li>\n\n\n\n<li><strong>Ks. Marcin&nbsp;<\/strong><strong>Przytu\u0142a&nbsp;<\/strong>\u2013 SP nr 13 im. Kornela Makuszy\u0144skiego&nbsp;<\/li>\n\n\n\n<li><strong>Dr Lidia Mergalska<\/strong>&nbsp;\u2013 SP nr 13 im. Kornela Makuszy\u0144skiego i Przedszkole Miejskie nr 10&nbsp;<\/li>\n\n\n\n<li><strong>Mgr Bo\u017cena B\u0119tkowska<\/strong>&nbsp;\u2013 SP nr 13 im. Kornela Makuszy\u0144skiego&nbsp;<\/li>\n<\/ol>\n\n\n\n<p><strong>W prawie 40-letniej historii naszej parafii pos\u0142ug\u0119 katechetyczn\u0105 pe\u0142nili katecheci:\u00a0<\/strong><\/p>\n\n\n\n<ol class=\"wp-block-list\">\n<li>Hanna Rebman &nbsp;\u2013 Rok szkolny 1983\/84<\/li>\n\n\n\n<li>s. Jadwiga Kaczmarzyk &nbsp;\u2013 Rok szkolny 1984\/85<\/li>\n\n\n\n<li>Bo\u017cena B\u0119tkowska &nbsp;\u2013 1985 r. do chwili obecnej<\/li>\n\n\n\n<li>Zbigniew B\u0119tkowski &nbsp;\u2013 1988 \u2013 1993<\/li>\n\n\n\n<li>Agnieszka Kwapisz \u2013 1992 \u2013 2005<\/li>\n\n\n\n<li>El\u017cbieta Sala \u2013 1992 \u2013 2011r.<\/li>\n\n\n\n<li>Lidia Mergalska \u2013 1993r. \u2013 do chwili obecnej&nbsp;<\/li>\n<\/ol>\n","protected":false},"excerpt":{"rendered":"<p>Obecnie w parafii katechizuj\u0105: W prawie 40-letniej historii naszej parafii pos\u0142ug\u0119 katechetyczn\u0105 pe\u0142nili katecheci:\u00a0<\/p>\n","protected":false},"author":1,"featured_media":0,"parent":0,"menu_order":0,"comment_status":"closed","ping_status":"closed","template":"","meta":{"_et_pb_use_builder":"","_et_pb_old_content":"","_et_gb_content_width":"","footnotes":""},"class_list":["post-14","page","type-page","status-publish","hentry"],"_links":{"self":[{"href":"http:\/\/mbnp-starachowice.dkonto.pl\/index.php\/wp-json\/wp\/v2\/pages\/14","targetHints":{"allow":["GET"]}}],"collection":[{"href":"http:\/\/mbnp-starachowice.dkonto.pl\/index.php\/wp-json\/wp\/v2\/pages"}],"about":[{"href":"http:\/\/mbnp-starachowice.dkonto.pl\/index.php\/wp-json\/wp\/v2\/types\/page"}],"author":[{"embeddable":true,"href":"http:\/\/mbnp-starachowice.dkonto.pl\/index.php\/wp-json\/wp\/v2\/users\/1"}],"replies":[{"embeddable":true,"href":"http:\/\/mbnp-starachowice.dkonto.pl\/index.php\/wp-json\/wp\/v2\/comments?post=14"}],"version-history":[{"count":2,"href":"http:\/\/mbnp-starachowice.dkonto.pl\/index.php\/wp-json\/wp\/v2\/pages\/14\/revisions"}],"predecessor-version":[{"id":165,"href":"http:\/\/mbnp-starachowice.dkonto.pl\/index.php\/wp-json\/wp\/v2\/pages\/14\/revisions\/165"}],"wp:attachment":[{"href":"http:\/\/mbnp-starachowice.dkonto.pl\/index.php\/wp-json\/wp\/v2\/media?parent=14"}],"curies":[{"name":"wp","href":"https:\/\/api.w.org\/{rel}","templated":true}]}}